{"id":24002,"date":"2020-04-06T12:08:10","date_gmt":"2020-04-06T10:08:10","guid":{"rendered":"http:\/\/myelosgreen.com\/?page_id=24002"},"modified":"2020-09-14T12:33:51","modified_gmt":"2020-09-14T10:33:51","slug":"politica-de-cookies","status":"publish","type":"page","link":"https:\/\/www.myelosgreen.com\/fr\/politica-de-cookies\/","title":{"rendered":"Pol\u00edtica de Cookies"},"content":{"rendered":"<div class=\"wpb-content-wrapper\"><p>[vc_row][vc_column]<div class=\"boc_spacing \" style=\"height: 20px\"><\/div>[vc_column_text]<span class=\"s1\"><b>UTILISATION DES COOKIES. QU&rsquo;EST-CE QUE LES COOKIES ?<\/b><\/span><\/p>\n<p class=\"p2\"><span class=\"s1\">Les cookies sont des fichiers qui sont t\u00e9l\u00e9charg\u00e9s sur votre ordinateur, votre Smartphone ou votre tablette lorsque vous acc\u00e9dez \u00e0 certains sites web. L&rsquo;utilisation de cookies offre de nombreux avantages dans la fourniture de services de la soci\u00e9t\u00e9 de l&rsquo;information, puisque, entre autres (a) il facilite la navigation de l&rsquo;utilisateur sur le site web ; (b) il facilite l&rsquo;acc\u00e8s de l&rsquo;utilisateur aux diff\u00e9rents services offerts par le site web ; (c) il emp\u00eache l&rsquo;utilisateur de reconfigurer des caract\u00e9ristiques g\u00e9n\u00e9rales pr\u00e9d\u00e9finies chaque fois qu&rsquo;il acc\u00e8de au site web ; (d) il favorise l&rsquo;am\u00e9lioration du fonctionnement et des services fournis par le site web, apr\u00e8s l&rsquo;analyse correspondante des informations obtenues par le biais des cookies install\u00e9s ; (e) ils permettent \u00e0 un site web, entre autres, de stocker et d&rsquo;extraire des informations sur les habitudes de navigation d&rsquo;un utilisateur ou de son ordinateur et, en fonction des informations qu&rsquo;ils contiennent et de la mani\u00e8re dont il utilise son ordinateur, ils peuvent \u00eatre utilis\u00e9s pour reconna\u00eetre l&rsquo;utilisateur. <\/span><\/p>\n<p class=\"p2\"><span class=\"s1\">La plupart des navigateurs acceptent les cookies en standard et, ind\u00e9pendamment de ceux-ci, autorisent ou emp\u00eachent les cookies temporaires ou stock\u00e9s dans les param\u00e8tres de s\u00e9curit\u00e9 .<br \/>\nGardez \u00e0 l&rsquo;esprit que pour utiliser et avoir une meilleure exp\u00e9rience de navigation, il est n\u00e9cessaire que vous ayez activ\u00e9 les cookies, en particulier ceux de nature technique qui sont n\u00e9cessaires pour vous identifier en tant qu&rsquo;utilisateur enregistr\u00e9 chaque fois que vous acc\u00e9dez \u00e0 ce site web.<\/span><\/p>\n<p class=\"p2\"><span class=\"s1\">Si vous ne souhaitez pas recevoir de cookies, veuillez configurer votre navigateur internet pour les supprimer du disque dur de votre ordinateur, les bloquer ou vous avertir s&rsquo;ils sont install\u00e9s. <\/span><\/p>\n<p class=\"p2\"><span class=\"s1\">Suivant les directives de l&rsquo;Agence espagnole de protection des donn\u00e9es, nous d\u00e9taillons l&rsquo;utilisation des <i>cookies<\/i> que ce site web utilise, afin de vous fournir le maximum d&rsquo;informations possibles.\u00a0<\/span><\/p>\n<p class=\"p2\"><span class=\"s1\">Ce sont celles envoy\u00e9es \u00e0 l&rsquo;\u00e9quipement terminal de l&rsquo;utilisateur depuis un ordinateur ou un domaine g\u00e9r\u00e9 par l&rsquo;\u00e9diteur lui-m\u00eame et \u00e0 partir duquel le service demand\u00e9 par l&rsquo;utilisateur est fourni.<\/span><\/p>\n<p class=\"p2\"><span class=\"s1\">Vous trouverez ci-dessous une liste de ceux que nous utilisons :<\/span><\/p>\n<table class=\"t1\" style=\"height: 200px;\" width=\"1175\" cellspacing=\"0\" cellpadding=\"0\">\n<tbody>\n<tr>\n<td class=\"td1\" valign=\"top\">\n<p class=\"p2\"><span class=\"s1\"><b>Nom<\/b><\/span><\/p>\n<\/td>\n<td class=\"td2\" valign=\"top\">\n<p class=\"p3\"><span class=\"s1\">Tapez<\/span><\/p>\n<\/td>\n<td class=\"td3\" valign=\"top\">\n<p class=\"p2\"><span class=\"s1\"><b>Fournisseur<\/b><\/span><\/p>\n<\/td>\n<td class=\"td4\" colspan=\"2\" valign=\"top\">\n<p class=\"p2\"><span class=\"s1\"><b>Objet<\/b><\/span><\/p>\n<\/td>\n<td class=\"td5\" valign=\"top\">\n<p class=\"p4\"><span class=\"s1\"><b>Dur\u00e9e<\/b><\/span><\/p>\n<\/td>\n<\/tr>\n<tr>\n<td class=\"td6\" valign=\"top\">\n<p class=\"p5\">cookielawinfo-checkbox-necessary<\/p>\n<\/td>\n<td class=\"td7\" valign=\"top\">\n<p class=\"p3\"><span class=\"s1\">Cookie de sesi\u00f3n<\/span><\/p>\n<\/td>\n<td class=\"td8\" valign=\"top\">\n<p class=\"p3\"><span class=\"s1\">XXXXXX.com<\/span><\/p>\n<\/td>\n<td class=\"td9\" colspan=\"2\" valign=\"top\">\n<p class=\"p2\"><span class=\"s1\">Sirve para el funcionamiento de esta p\u00e1gina web. Es estrictamente necesario.\u00a0<\/span><\/p>\n<\/td>\n<td class=\"td10\" valign=\"top\">\n<p class=\"p3\"><span class=\"s1\">Hasta finalizar sesi\u00f3n <\/span><\/p>\n<\/td>\n<\/tr>\n<tr>\n<td class=\"td1\" valign=\"top\"><\/td>\n<td class=\"td2\" valign=\"top\"><\/td>\n<td class=\"td3\" valign=\"top\"><\/td>\n<td class=\"td11\" valign=\"top\"><\/td>\n<td class=\"td12\" colspan=\"2\" valign=\"top\"><\/td>\n<\/tr>\n<tr>\n<td class=\"td1\" valign=\"top\"><\/td>\n<td class=\"td2\" valign=\"top\"><\/td>\n<td class=\"td3\" valign=\"top\"><\/td>\n<td class=\"td11\" valign=\"top\"><\/td>\n<td class=\"td12\" colspan=\"2\" valign=\"top\"><\/td>\n<\/tr>\n<\/tbody>\n<\/table>\n<p class=\"p10\"><span class=\"s1\"><b><i>Cookies tiers:<\/i><\/b><\/span><\/p>\n<p class=\"p2\"><span class=\"s1\">Ce sont celles envoy\u00e9es \u00e0 l&rsquo;\u00e9quipement terminal de l&rsquo;utilisateur depuis un ordinateur ou un domaine qui n&rsquo;est pas g\u00e9r\u00e9 par l&rsquo;\u00e9diteur, mais par une autre entit\u00e9 qui traite les donn\u00e9es obtenues par le biais des cookies.<\/span><\/p>\n<p class=\"p2\"><span class=\"s1\">Vous trouverez ci-dessous une liste de ceux que nous utilisons:<\/span><\/p>\n<table class=\"t1\" cellspacing=\"0\" cellpadding=\"0\">\n<tbody>\n<tr>\n<td class=\"td13\" valign=\"top\">\n<p class=\"p2\"><span class=\"s1\"><b>Nom<\/b><\/span><\/p>\n<\/td>\n<td class=\"td14\" valign=\"top\">\n<p class=\"p2\"><span class=\"s1\"><b>Tapez<\/b><\/span><\/p>\n<\/td>\n<td class=\"td15\" valign=\"top\">\n<p class=\"p2\"><span class=\"s1\"><b>Fournisseur<\/b><\/span><\/p>\n<\/td>\n<td class=\"td16\" valign=\"top\">\n<p class=\"p2\"><span class=\"s1\"><b>Objet<\/b><\/span><\/p>\n<\/td>\n<td class=\"td17\" valign=\"top\">\n<p class=\"p11\"><span class=\"s1\"><b>Dur\u00e9e<\/b><\/span><\/p>\n<\/td>\n<\/tr>\n<tr>\n<td class=\"td18\" valign=\"top\">\n<p class=\"p4\">\n<\/td>\n<td class=\"td19\" valign=\"top\"><\/td>\n<td class=\"td20\" valign=\"top\"><\/td>\n<td class=\"td21\" valign=\"top\"><\/td>\n<td class=\"td22\" valign=\"top\"><\/td>\n<\/tr>\n<tr>\n<td class=\"td23\" valign=\"top\"><\/td>\n<td class=\"td24\" valign=\"top\"><\/td>\n<td class=\"td25\" valign=\"top\"><\/td>\n<td class=\"td26\" valign=\"top\"><\/td>\n<td class=\"td27\" valign=\"top\"><\/td>\n<\/tr>\n<\/tbody>\n<\/table>\n<p>GREEN RESEARCH S.L. n&rsquo;est en aucun cas responsable du contenu ou de la v\u00e9racit\u00e9 des politiques et\/ou des conditions d&rsquo;utilisation et de confidentialit\u00e9 des tiers, incluses, par le biais des liens, dans cette politique.<\/p>\n<p>3. CONSENTEMENT<\/p>\n<p>En ce qui concerne l&rsquo;utilisation des cookies sur ce site web d\u00e9crite dans la section pr\u00e9c\u00e9dente, l&rsquo;utilisateur autorise et consent \u00e0 leur utilisation comme suit : Lorsque l&rsquo;utilisateur acc\u00e8de \u00e0 notre page web, il verra un avis indiquant qu&rsquo;elle utilise des cookies, et l&rsquo;utilisateur peut accepter ou refuser l&rsquo;utilisation de ceux-ci en cliquant sur le bouton accepter\/accepter tout, g\u00e9rer ses pr\u00e9f\u00e9rences par le biais de la configuration du panneau et\/ou de son navigateur. Si l&rsquo;utilisateur n&rsquo;appuie pas sur le bouton d&rsquo;acceptation, ne configure pas son navigateur ou le panneau et continue \u00e0 naviguer sur le site web de GREEN RESEARCH S.L. en utilisant ses services, l&rsquo;utilisateur accepte l&rsquo;utilisation des cookies n\u00e9cessaires sur ce site web.<\/p>\n<p>4. COMMENT BLOQUER OU \u00c9LIMINER LES COOKIES INSTALL\u00c9S<\/p>\n<p>Vous pouvez autoriser, bloquer ou supprimer les cookies install\u00e9s sur votre ordinateur en param\u00e9trant les options de votre navigateur. Vous trouverez des informations sur la mani\u00e8re de proc\u00e9der pour les navigateurs les plus courants dans les liens ci-dessous :<\/p>\n<p>Explorateur : <a href=\"https:\/\/support.microsoft.com\/es-es\/kb\/278835\">https:\/\/support.microsoft.com\/es-es\/kb\/278835<\/a><\/p>\n<p>Microsoft Edge : <a href=\"https:\/\/privacy.microsoft.com\/es-es\/windows-10-microsoft-edge-and-privacy\">https:\/\/privacy.microsoft.com\/es-es\/windows-10-microsoft-edge-and-privacy<\/a><\/p>\n<p>Chrome: <a href=\"https:\/\/support.google.com\/chrome\/answer\/95647?co=GENIE.Platform%3DDesktop&amp;hl=esttp:\/\/support.google.com\/chrome\/bin\/answer.py?hl=es&amp;answer=95647\">https:\/\/support.google.com\/chrome\/answer\/95647?co=GENIE.Platform%3DDesktop&amp;hl=esttp:\/\/support.google.com\/chrome\/bin\/answer.py?hl=es&amp;answer=95647<\/a><\/p>\n<p>Firefox : <a href=\"http:\/\/support.mozilla.org\/es\/kb\/Borrar%20cookies\">http:\/\/support.mozilla.org\/es\/kb\/Borrar%20cookies<\/a><\/p>\n<p>Safari : <a href=\"http:\/\/support.apple.com\/kb\/ph5042.\">http:\/\/support.apple.com\/kb\/ph5042.<\/a><\/p>\n<p>Op\u00e9ra : <a href=\"https:\/\/help.opera.com\/en\/latest\/web-preferences\/#cookies\">https:\/\/help.opera.com\/en\/latest\/web-preferences\/#cookies<\/a><\/p>\n<p>Toutefois, nous vous informons que la d\u00e9sactivation d&rsquo;un cookie peut emp\u00eacher ou g\u00eaner la navigation ou la fourniture des services propos\u00e9s sur le site.<\/p>\n<p>4. MODIFICATIONS<\/p>\n<p>Cette politique en mati\u00e8re de cookies peut \u00eatre modifi\u00e9e conform\u00e9ment aux exigences l\u00e9gales \u00e9tablies ou afin d&rsquo;adapter cette politique aux instructions donn\u00e9es par l&rsquo;Agence espagnole de protection des donn\u00e9es.<\/p>\n<p>Pour cette raison, nous conseillons aux utilisateurs de consulter p\u00e9riodiquement notre politique en mati\u00e8re de cookies.<\/p>\n<p>Lorsque des modifications importantes sont apport\u00e9es \u00e0 cette politique, dans la mesure de nos possibilit\u00e9s, nous en informerons les utilisateurs par le biais d&rsquo;un avis sur notre site web.<\/p>\n<p>Si vous avez des doutes sur cette politique concernant les cookies, vous pouvez contacter GREEN RESEARCH S.L. \u00e0 l&rsquo;adresse \u00e9lectronique suivante : info@myelosgreen.com<\/p>\n<div id=\"mouseposition-extension-element-full-container\" style=\"position: fixed; top: 0px; left: 0px; right: 0px; bottom: 0px; pointer-events: none; z-index: 2147483647; font-weight: 400;\">\n<div id=\"mouseposition-extension-element-rect-display\" style=\"display: none; position: absolute; background: rgba(255, 255, 255, 0.7); outline: black solid 1px; font-size: 12px; z-index: 2147483647; justify-content: center; align-items: center; user-select: none; cursor: default; color: #000000; font-family: 'Helvetica Neue', Helvetica, Arial, sans-serif; width: 0px; height: 0px;\">\n<pre style=\"flex: 1 1 0%; text-align: center; background-color: rgba(255, 255, 255, 0.7); color: #000000; min-width: 42px; min-height: 12px; transition: all 1s ease 0s;\"><\/pre>\n<\/div>\n<pre id=\"mouseposition-extension-element-coordinate-display\" style=\"position: absolute; display: none; background: #ffffff; font-size: 12px; line-height: 14px; border-radius: 3px; border-width: 1px; border-color: #222222 black #333333; border-style: solid; padding: 3px; z-index: 2147483647; color: #222222; user-select: none; cursor: default; font-family: 'Helvetica Neue', Helvetica, Arial, sans-serif;\"><\/pre>\n<\/div>\n<p>[\/vc_column_text][\/vc_column][\/vc_row]<\/p>\n<\/div>","protected":false},"excerpt":{"rendered":"<p>[vc_row][vc_column][vc_column_text]UTILISATION DES COOKIES. QU&rsquo;EST-CE QUE LES COOKIES ? Les cookies sont des fichiers qui sont t\u00e9l\u00e9charg\u00e9s sur votre ordinateur, votre Smartphone ou votre tablette lorsque vous acc\u00e9dez \u00e0 certains sites web. L&rsquo;utilisation de cookies offre de nombreux avantages dans la fourniture de services de la soci\u00e9t\u00e9 de l&rsquo;information, puisque, entre autres (a) il facilite la navigation de l&rsquo;utilisateur sur le<\/p>\n<div class=\"h10\"><\/div>\n<p><a class=\"more-link2 flat\" href=\"https:\/\/www.myelosgreen.com\/fr\/politica-de-cookies\/\">Read more<\/a><\/p>\n","protected":false},"author":1,"featured_media":0,"parent":0,"menu_order":0,"comment_status":"closed","ping_status":"closed","template":"","meta":{"footnotes":""},"class_list":["post-24002","page","type-page","status-publish","hentry"],"_links":{"self":[{"href":"https:\/\/www.myelosgreen.com\/fr\/wp-json\/wp\/v2\/pages\/24002"}],"collection":[{"href":"https:\/\/www.myelosgreen.com\/fr\/wp-json\/wp\/v2\/pages"}],"about":[{"href":"https:\/\/www.myelosgreen.com\/fr\/wp-json\/wp\/v2\/types\/page"}],"author":[{"embeddable":true,"href":"https:\/\/www.myelosgreen.com\/fr\/wp-json\/wp\/v2\/users\/1"}],"replies":[{"embeddable":true,"href":"https:\/\/www.myelosgreen.com\/fr\/wp-json\/wp\/v2\/comments?post=24002"}],"version-history":[{"count":11,"href":"https:\/\/www.myelosgreen.com\/fr\/wp-json\/wp\/v2\/pages\/24002\/revisions"}],"predecessor-version":[{"id":25248,"href":"https:\/\/www.myelosgreen.com\/fr\/wp-json\/wp\/v2\/pages\/24002\/revisions\/25248"}],"wp:attachment":[{"href":"https:\/\/www.myelosgreen.com\/fr\/wp-json\/wp\/v2\/media?parent=24002"}],"curies":[{"name":"wp","href":"https:\/\/api.w.org\/{rel}","templated":true}]}}