{"id":24208,"date":"2020-05-12T10:54:24","date_gmt":"2020-05-12T08:54:24","guid":{"rendered":"http:\/\/myelosgreen.com\/?page_id=24208"},"modified":"2020-09-14T12:05:08","modified_gmt":"2020-09-14T10:05:08","slug":"aviso-legal","status":"publish","type":"page","link":"https:\/\/www.myelosgreen.com\/fr\/aviso-legal\/","title":{"rendered":"Aviso Legal"},"content":{"rendered":"<div class=\"wpb-content-wrapper\"><p>[vc_row][vc_column]<div class=\"boc_spacing \" style=\"height: 20px\"><\/div>[vc_column_text]AVIS JURIDIQUE<\/p>\n<p>Conform\u00e9ment aux dispositions de la loi 34\/2002, du 11 juillet, sur les services de la soci\u00e9t\u00e9 de l&rsquo;information et le commerce \u00e9lectronique, les informations suivantes sont fournies<\/p>\n<p>DONN\u00c9ES D&rsquo;IDENTIFICATION<\/p>\n<p>1) Vous visitez la page web de GREEN RESEARCH S.L., propri\u00e9t\u00e9 de XXXXXXXXXXXXXX, dont le si\u00e8ge social est situ\u00e9 Carrer de la Gu\u00e0rdia Civil, 26, 1\u00ba D 46020 Valencia, d\u00e9sormais LE TITULAIRE.<\/p>\n<p>Vous pouvez contacter le PORTEUR par l&rsquo;un des moyens suivants :<\/p>\n<p>T\u00e9l\u00e9phone : 960 03 42 56<\/p>\n<p>Adresse \u00e9lectronique de contact : info@myelosgreen.com<\/p>\n<p>H\u00c9BERGEMENT WEB<\/p>\n<p>INFOMEIK.<\/p>\n<p>UTILISATEURS<\/p>\n<p>2. Les pr\u00e9sentes conditions (ci-apr\u00e8s \u00ab\u00a0l&rsquo;avis juridique\u00a0\u00bb) ont pour objet de r\u00e9glementer l&rsquo;utilisation du site web du TITULAIRE qui met \u00e0 la disposition du public.<\/p>\n<p>L&rsquo;acc\u00e8s et\/ou l&rsquo;utilisation de ce site Web donne la condition d&rsquo;UTILISATEUR, qui accepte, \u00e0 partir de cet acc\u00e8s et\/ou utilisation, les conditions g\u00e9n\u00e9rales d&rsquo;utilisation refl\u00e9t\u00e9es ici. Les conditions ci-dessus s&rsquo;appliquent ind\u00e9pendamment des conditions g\u00e9n\u00e9rales du contrat qui, dans son cas, sont obligatoires.<\/p>\n<p>UTILISATION DU PORTAIL<\/p>\n<p>3. www.myelosgreen.com donne acc\u00e8s \u00e0 une multitude d&rsquo;informations, de services, de programmes ou de donn\u00e9es (ci-apr\u00e8s \u00ab\u00a0contenu\u00a0\u00bb) sur Internet appartenant au TITULAIRE ou \u00e0 ses conc\u00e9dants de licence auxquels l&rsquo;UTILISATEUR peut avoir acc\u00e8s.<\/p>\n<p>L&rsquo;utilisateur assume la responsabilit\u00e9 de l&rsquo;utilisation du portail. Cette responsabilit\u00e9 s&rsquo;\u00e9tend \u00e0 l&rsquo;enregistrement n\u00e9cessaire pour acc\u00e9der \u00e0 certains services ou contenus. Lors de cet enregistrement, l&rsquo;UTILISATEUR sera responsable de fournir des informations v\u00e9ridiques et l\u00e9gales. En cons\u00e9quence de cet enregistrement, l&rsquo;UTILISATEUR peut se voir attribuer un mot de passe dont il sera responsable, s&rsquo;engageant \u00e0 en faire un usage diligent et confidentiel.<\/p>\n<p>L&rsquo;UTILISATEUR s&rsquo;engage \u00e0 faire un usage appropri\u00e9 des contenus et services (par exemple, services de chat, forums de discussion ou newsgroups) que LE PORTEUR propose par le biais de son portail et, notamment, \u00e0 ne pas les utiliser :<\/p>\n<p>Se livrer \u00e0 des activit\u00e9s ill\u00e9gales, ill\u00e9gales ou contraires \u00e0 la bonne foi et \u00e0 l&rsquo;ordre public.<br \/>\nDiffuser des contenus ou de la propagande racistes, x\u00e9nophobes, pornographiques, ill\u00e9gaux ou faisant l&rsquo;apologie du terrorisme ou des droits de l&rsquo;homme.<br \/>\ncauser des dommages aux syst\u00e8mes physiques et logiques du TITULAIRE, de ses fournisseurs ou de tiers, introduire ou diffuser sur le r\u00e9seau des virus informatiques ou tout autre syst\u00e8me physique ou logique susceptible de causer les dommages susmentionn\u00e9s.<br \/>\nEssayez d&rsquo;acc\u00e9der et, le cas \u00e9ch\u00e9ant, d&rsquo;utiliser les comptes de courrier \u00e9lectronique des autres utilisateurs et de modifier ou de manipuler leurs messages.<br \/>\nUtiliser le site web ou les informations qu&rsquo;il contient \u00e0 des fins commerciales, politiques, publicitaires et pour tout usage commercial, notamment pour l&rsquo;envoi de courriers \u00e9lectroniques non sollicit\u00e9s.<\/p>\n<p>LE PORTEUR se r\u00e9serve le droit de retirer tous les commentaires et contributions qui violent le respect de la dignit\u00e9 humaine, qui sont discriminatoires, x\u00e9nophobes, racistes, pornographiques, qui portent atteinte \u00e0 la jeunesse ou aux enfants, \u00e0 l&rsquo;ordre ou \u00e0 la s\u00e9curit\u00e9 publique ou qui, \u00e0 son avis, ne seront pas adapt\u00e9s \u00e0 la publication. Dans tous les cas, LE TITULAIRE ne sera pas responsable des opinions exprim\u00e9es par les utilisateurs \u00e0 travers les forums, les chats ou autres outils de participation.<\/p>\n<p>LA PROTECTION DES DONN\u00c9ES<\/p>\n<p>4. Tout ce qui concerne la politique de protection des donn\u00e9es est expos\u00e9 dans le document relatif \u00e0 la politique de protection de la vie priv\u00e9e.<\/p>\n<p>CONTENU. LA PROPRI\u00c9T\u00c9 INTELLECTUELLE ET INDUSTRIELLE<\/p>\n<p>5. LE PORTEUR est titulaire de tous les droits de propri\u00e9t\u00e9 intellectuelle et industrielle de son site web, ainsi que des \u00e9l\u00e9ments qui y sont contenus (y compris, mais sans s&rsquo;y limiter, les images, photographies, sons, audio, vid\u00e9o, logiciels ou textes ; les marques ou logos, les combinaisons de couleurs, la structure et le design, la s\u00e9lection des mat\u00e9riaux utilis\u00e9s, les programmes informatiques n\u00e9cessaires \u00e0 son fonctionnement, son acc\u00e8s et son utilisation, etc.<\/p>\n<p>Tous droits r\u00e9serv\u00e9s. En vertu des dispositions des articles 8 et 32.1, deuxi\u00e8me alin\u00e9a, de la loi sur le droit d&rsquo;auteur, il est express\u00e9ment interdit de reproduire, distribuer et communiquer publiquement, y compris la m\u00e9thode de mise \u00e0 disposition, tout ou partie du contenu de ce site web, \u00e0 des fins commerciales, sur tout support et par tout moyen technique, sans l&rsquo;autorisation du TITULAIRE.<\/p>\n<p>EXCLUSION DES GARANTIES ET DE LA RESPONSABILIT\u00c9<\/p>\n<p>6. L&rsquo;UTILISATEUR reconna\u00eet que l&rsquo;utilisation du site et de ses contenus et services se fait sous sa responsabilit\u00e9 exclusive. Plus pr\u00e9cis\u00e9ment, \u00e0 titre d&rsquo;illustration, LE PORTEUR n&rsquo;assume aucune responsabilit\u00e9 dans les domaines suivants :<\/p>\n<p>La disponibilit\u00e9 du fonctionnement du site web, de ses services et de son contenu et sa qualit\u00e9 ou son interop\u00e9rabilit\u00e9.<br \/>\nLe but pour lequel le site web sert les objectifs de l&rsquo;UTILISATEUR.<br \/>\nLa violation de la l\u00e9gislation en vigueur par l&rsquo;UTILISATEUR ou des tiers et, en particulier, des droits de propri\u00e9t\u00e9 intellectuelle et industrielle d\u00e9tenus par d&rsquo;autres personnes ou entit\u00e9s.<br \/>\nL&rsquo;existence de codes malveillants ou de tout autre \u00e9l\u00e9ment informatique nuisible qui pourrait endommager le syst\u00e8me informatique de l&rsquo;UTILISATEUR ou de tiers. Il est de la responsabilit\u00e9 de l&rsquo;UTILISATEUR, dans tous les cas, de disposer d&rsquo;outils ad\u00e9quats pour la d\u00e9tection et la d\u00e9sinfection de ces \u00e9l\u00e9ments.<br \/>\nL&rsquo;acc\u00e8s frauduleux aux contenus ou aux services par des tiers non autoris\u00e9s ou, le cas \u00e9ch\u00e9ant, la capture, l&rsquo;\u00e9limination, l&rsquo;alt\u00e9ration, la modification ou la manipulation des messages et des communications de toute nature que ces tiers pourraient effectuer.<br \/>\nL&rsquo;exactitude, la v\u00e9racit\u00e9, l&rsquo;actualit\u00e9 et l&rsquo;utilit\u00e9 des contenus et services offerts et l&rsquo;utilisation qui en est faite par la suite par l&rsquo;UTILISATEUR. LE TITULAIRE fera tous les efforts et moyens raisonnables pour fournir des informations actualis\u00e9es et fiables.<br \/>\nLes dommages caus\u00e9s aux \u00e9quipements informatiques lors de l&rsquo;acc\u00e8s au site web et les dommages caus\u00e9s aux UTILISATEURS lorsqu&rsquo;ils trouvent leur origine dans des d\u00e9faillances ou des d\u00e9connexions des r\u00e9seaux de t\u00e9l\u00e9communications qui interrompent le service.<br \/>\nDommages ou pertes r\u00e9sultant de circonstances qui se sont produites en raison d&rsquo;un cas fortuit ou de force majeure.<\/p>\n<p>Dans le cas o\u00f9 il existe des forums, l&rsquo;utilisation de ces m\u00eames espaces ou d&rsquo;autres espaces similaires, il faut tenir compte du fait que les messages ne refl\u00e8tent que l&rsquo;opinion de l&rsquo;UTILISATEUR qui les envoie, qui est le seul responsable. LE PORTEUR n&rsquo;est pas responsable du contenu des messages envoy\u00e9s par l&rsquo;UTILISATEUR.<\/p>\n<p>MODIFICATION DE CETTE NOTICE L\u00c9GALE ET DUR\u00c9E<\/p>\n<p>7. LE PORTEUR se r\u00e9serve le droit d&rsquo;effectuer des modifications inopin\u00e9es qu&rsquo;il juge appropri\u00e9es dans son portail, peut modifier, supprimer ou ajouter autant de contenus et de services fournis par le m\u00eame, que la fa\u00e7on dont ils sont repr\u00e9sent\u00e9s ou situ\u00e9s dans son portail.<\/p>\n<p>La validit\u00e9 de ces conditions d\u00e9pendra de leur exposition et sera en vigueur jusqu&rsquo;\u00e0 ce qu&rsquo;elles soient modifi\u00e9es par d&rsquo;autres d\u00fbment publi\u00e9es.<\/p>\n<p>LIENS<\/p>\n<p>8. Dans le cas o\u00f9 www.myelosgreen.com comprend des liens ou des hyperliens vers d&rsquo;autres sites Internet, LE PORTEUR n&rsquo;exercera aucun contr\u00f4le sur ces sites et leur contenu. En aucun cas LE TITULAIRE n&rsquo;assume de responsabilit\u00e9 quant au contenu d&rsquo;un lien appartenant \u00e0 un site Internet \u00e9tranger, ni ne garantit la disponibilit\u00e9 technique, la qualit\u00e9, la fiabilit\u00e9, l&rsquo;exactitude, l&rsquo;exhaustivit\u00e9, la pr\u00e9cision, la validit\u00e9 et la constitutionnalit\u00e9 de toute mati\u00e8re ou information contenue dans l&rsquo;un de ces hyperliens et autres sites Internet. De m\u00eame, l&rsquo;inclusion de ces liens externes n&rsquo;impliquera aucun type d&rsquo;association, de fusion ou de participation avec les entit\u00e9s connect\u00e9es.<\/p>\n<p>LES DROITS D&rsquo;EXCLUSION<\/p>\n<p>9. LE PORTEUR se r\u00e9serve le droit de refuser ou de retirer l&rsquo;acc\u00e8s au portail et\/ou aux services offerts sans pr\u00e9avis, \u00e0 sa propre demande ou \u00e0 celle d&rsquo;un tiers, aux utilisateurs qui ne respectent pas le contenu de la pr\u00e9sente notice l\u00e9gale.<\/p>\n<p>GENERALITES<\/p>\n<p>10. LE PORTEUR poursuivra la violation de ces conditions et toute utilisation abusive de son portail en exer\u00e7ant toutes les actions civiles et p\u00e9nales qui peuvent correspondre en droit.<\/p>\n<p>L\u00c9GISLATION APPLICABLE ET JURIDICTION<\/p>\n<p>11. La relation entre le TITULAIRE et l&rsquo;UTILISATEUR est r\u00e9gie par la r\u00e9glementation espagnole en vigueur. Tous les litiges et r\u00e9clamations d\u00e9coulant du pr\u00e9sent avis juridique seront r\u00e9solus par les tribunaux espagnols.<\/p>\n<p>MINORS<\/p>\n<p>12. www.myelosgreen.com adresse ses services aux utilisateurs \u00e2g\u00e9s de plus de 18 ans. Les mineurs de cet \u00e2ge ne sont pas autoris\u00e9s \u00e0 utiliser nos services et ne doivent donc pas nous envoyer leurs donn\u00e9es personnelles. Nous informons que si une telle circonstance se produit, LE TITULAIRE n&rsquo;est pas responsable des cons\u00e9quences \u00e9ventuelles qui pourraient d\u00e9couler de la violation de l&rsquo;avis pr\u00e9vu dans cette m\u00eame clause.<\/p>\n<p>Derni\u00e8re r\u00e9vision : septembre 2020<\/p>\n<div id=\"mouseposition-extension-element-full-container\" style=\"position: fixed; top: 0px; left: 0px; right: 0px; bottom: 0px; pointer-events: none; z-index: 2147483647; font-weight: 400;\">\n<div id=\"mouseposition-extension-element-rect-display\" style=\"display: none; position: absolute; background: rgba(255, 255, 255, 0.7); outline: black solid 1px; font-size: 12px; z-index: 2147483647; justify-content: center; align-items: center; user-select: none; cursor: default; color: #000000; font-family: 'Helvetica Neue', Helvetica, Arial, sans-serif; width: 0px; height: 0px;\">\n<pre style=\"flex: 1 1 0%; text-align: center; background-color: rgba(255, 255, 255, 0.7); color: #000000; min-width: 42px; min-height: 12px; transition: all 1s ease 0s;\"><\/pre>\n<\/div>\n<pre id=\"mouseposition-extension-element-coordinate-display\" style=\"position: absolute; display: none; background: #ffffff; font-size: 12px; line-height: 14px; border-radius: 3px; border-width: 1px; border-color: #222222 black #333333; border-style: solid; padding: 3px; z-index: 2147483647; color: #222222; user-select: none; cursor: default; font-family: 'Helvetica Neue', Helvetica, Arial, sans-serif;\"><\/pre>\n<\/div>\n<p>[\/vc_column_text][\/vc_column][\/vc_row]<\/p>\n<\/div>","protected":false},"excerpt":{"rendered":"<p>[vc_row][vc_column][vc_column_text]AVIS JURIDIQUE Conform\u00e9ment aux dispositions de la loi 34\/2002, du 11 juillet, sur les services de la soci\u00e9t\u00e9 de l&rsquo;information et le commerce \u00e9lectronique, les informations suivantes sont fournies DONN\u00c9ES D&rsquo;IDENTIFICATION 1) Vous visitez la page web de GREEN RESEARCH S.L., propri\u00e9t\u00e9 de XXXXXXXXXXXXXX, dont le si\u00e8ge social est situ\u00e9 Carrer de la Gu\u00e0rdia Civil, 26, 1\u00ba D 46020 Valencia,<\/p>\n<div class=\"h10\"><\/div>\n<p><a class=\"more-link2 flat\" href=\"https:\/\/www.myelosgreen.com\/fr\/aviso-legal\/\">Read more<\/a><\/p>\n","protected":false},"author":1,"featured_media":0,"parent":0,"menu_order":0,"comment_status":"closed","ping_status":"closed","template":"","meta":{"footnotes":""},"class_list":["post-24208","page","type-page","status-publish","hentry"],"_links":{"self":[{"href":"https:\/\/www.myelosgreen.com\/fr\/wp-json\/wp\/v2\/pages\/24208"}],"collection":[{"href":"https:\/\/www.myelosgreen.com\/fr\/wp-json\/wp\/v2\/pages"}],"about":[{"href":"https:\/\/www.myelosgreen.com\/fr\/wp-json\/wp\/v2\/types\/page"}],"author":[{"embeddable":true,"href":"https:\/\/www.myelosgreen.com\/fr\/wp-json\/wp\/v2\/users\/1"}],"replies":[{"embeddable":true,"href":"https:\/\/www.myelosgreen.com\/fr\/wp-json\/wp\/v2\/comments?post=24208"}],"version-history":[{"count":14,"href":"https:\/\/www.myelosgreen.com\/fr\/wp-json\/wp\/v2\/pages\/24208\/revisions"}],"predecessor-version":[{"id":25241,"href":"https:\/\/www.myelosgreen.com\/fr\/wp-json\/wp\/v2\/pages\/24208\/revisions\/25241"}],"wp:attachment":[{"href":"https:\/\/www.myelosgreen.com\/fr\/wp-json\/wp\/v2\/media?parent=24208"}],"curies":[{"name":"wp","href":"https:\/\/api.w.org\/{rel}","templated":true}]}}