{"id":24225,"date":"2020-08-26T12:25:33","date_gmt":"2020-08-26T10:25:33","guid":{"rendered":"http:\/\/myelosgreen.com\/?page_id=24225"},"modified":"2020-09-14T08:36:12","modified_gmt":"2020-09-14T06:36:12","slug":"quienes-somos","status":"publish","type":"page","link":"https:\/\/www.myelosgreen.com\/fr\/quienes-somos\/","title":{"rendered":"Quienes Somos"},"content":{"rendered":"<div class=\"wpb-content-wrapper\"><p>[vc_row full_width=\u00a0\u00bbstretch_row_content_no_spaces\u00a0\u00bb parallax=\u00a0\u00bbcontent-moving-fade\u00a0\u00bb el_class=\u00a0\u00bbcenter\u00a0\u00bb][vc_column][rev_slider_vc alias=\u00a0\u00bbquienes-somos\u00a0\u00bb][\/vc_column][\/vc_row][vc_row][vc_column]<div class=\"boc_spacing \" style=\"height: 20px\"><\/div><h3 class=\"boc_heading  al_left  \"  style=\"margin-bottom: 20px;margin-top: 0px;color: #333333;font-size: 24px;\"><span><strong> Pr\u00e9sentation<\/strong><\/span><\/h3><div class=\"boc_spacing \" style=\"height: 5px\"><\/div>[vc_column_text]<strong>MYELOS GREEN <\/strong>est la marque actuelle d\u00e9di\u00e9e \u00e0 la conception, au d\u00e9veloppement et \u00e0 la commercialisation de moyens naturels de protection des <strong>cultures agricoles<\/strong>, en \u00e9vitant l&rsquo;utilisation d&rsquo;engrais et de pesticides r\u00e9siduels. L&rsquo;utilisation des produits\u00a0<strong>MYELOS GREEN<\/strong>, repr\u00e9sente une avanc\u00e9e sans pr\u00e9c\u00e9dent dans le domaine de l&rsquo;agriculture biologique, rentable et de qualit\u00e9.<\/p>\n<p>La technologie qui repr\u00e9sente la marque s&rsquo;appelle\u00a0<strong> NUTRITION MOL\u00c9CULAIRE SYST\u00c9MIQUE (NMS) ou Approche Syst\u00e9mique de la Nutrition Min\u00e9rale.<\/strong><\/p>\n<p><strong>MYELOS GREEN<\/strong>\u00a0con\u00e7oit et formule \u00e9galement des additifs naturels non synth\u00e9tiques pour<strong> l&rsquo;industrie Agro-Alimentaire:<\/strong> post-r\u00e9colte (agrumes et fruits), caves, huileries et autres secteurs agro-alimentaires. Les produits OXIFEN permettent une longue qualit\u00e9 post-r\u00e9colte, \u00e9vitant l&rsquo;apparition de colonies fongiques lors du transport du fruit.<\/p>\n<p class=\"p1\">Nous avons \u00e9galement con\u00e7u un syst\u00e8me de traitement des eaux us\u00e9es efficace, <strong>depuraci\u00f3n de aguas<\/strong>\u00a0<strong>residuales <\/strong>simple et \u00e9conomique dans l&rsquo;industrie Agroalimentaire (notamment dans les centrales des agrumes et des plantes fruiti\u00e8res) bas\u00e9 sur la r\u00e9action de Fenton modifi\u00e9e.<\/p>\n<div id=\"mouseposition-extension-element-full-container\" style=\"position: fixed; top: 0px; left: 0px; right: 0px; bottom: 0px; pointer-events: none; z-index: 2147483647; font-weight: 400;\">\n<div id=\"mouseposition-extension-element-rect-display\" style=\"display: none; position: absolute; background: rgba(255, 255, 255, 0.7); outline: black solid 1px; font-size: 12px; z-index: 2147483647; justify-content: center; align-items: center; user-select: none; cursor: default; color: #000000; font-family: 'Helvetica Neue', Helvetica, Arial, sans-serif; width: 0px; height: 0px;\">\n<pre style=\"flex: 1 1 0%; text-align: center; background-color: rgba(255, 255, 255, 0.7); color: #000000; min-width: 42px; min-height: 12px; transition: all 1s ease 0s;\"><\/pre>\n<\/div>\n<pre id=\"mouseposition-extension-element-coordinate-display\" style=\"position: absolute; display: none; background: #ffffff; font-size: 12px; line-height: 14px; border-radius: 3px; border-width: 1px; border-color: #222222 black #333333; border-style: solid; padding: 3px; z-index: 2147483647; color: #222222; user-select: none; cursor: default; font-family: 'Helvetica Neue', Helvetica, Arial, sans-serif;\"><\/pre>\n<\/div>\n<p>[\/vc_column_text]<div class=\"boc_spacing \" style=\"height: 5px\"><\/div>[\/vc_column][\/vc_row][vc_row full_width=\u00a0\u00bbstretch_row\u00a0\u00bb gap=\u00a0\u00bb20&Prime; bg_type=\u00a0\u00bbbg_color\u00a0\u00bb bg_color_value=\u00a0\u00bb#d3f3ff\u00a0\u00bb][vc_column width=\u00a0\u00bb1\/2&Prime;][vc_row_inner][vc_column_inner el_class=\u00a0\u00bbcenter\u00a0\u00bb]<div class=\"boc_spacing \" style=\"height: 80px\"><\/div><h3 class=\"boc_heading  al_left  \"  style=\"margin-bottom: 20px;margin-top: 0px;color: #333333;font-size: 24px;\"><span><strong> Mission &#8211; Que voulons-nous \u00eatre?\u2028<\/strong><\/span><\/h3><div class=\"boc_spacing \" style=\"height: 53px\"><\/div>[vc_column_text]<\/p>\n<p class=\"p1\" style=\"text-align: left;\">Nous voulons atteindre une situation internationale dans laquelle la nutrition mol\u00e9culaire syst\u00e9mique (NMS) et la s\u00e9rie de produits OXIFEN soient, dans l&rsquo;agriculture et dans l&rsquo;industrie agroalimentaire respectivement, la technologie standard accept\u00e9e pour pr\u00e9server la qualit\u00e9 de la production agricole primaire et celle des produits transform\u00e9s, garantissant une grande comp\u00e9titivit\u00e9 agricole et industrielle pour leur rentabilit\u00e9 et leur int\u00e9gration totale avec l&rsquo;environnement.<\/p>\n<div id=\"mouseposition-extension-element-full-container\" style=\"position: fixed; top: 0px; left: 0px; right: 0px; bottom: 0px; pointer-events: none; z-index: 2147483647; font-weight: 400; text-align: left;\">\n<div id=\"mouseposition-extension-element-rect-display\" style=\"display: none; position: absolute; background: rgba(255, 255, 255, 0.7); outline: black solid 1px; font-size: 12px; z-index: 2147483647; justify-content: center; align-items: center; user-select: none; cursor: default; color: #000000; font-family: 'Helvetica Neue', Helvetica, Arial, sans-serif; width: 0px; height: 0px;\">\n<pre style=\"flex: 1 1 0%; text-align: center; background-color: rgba(255, 255, 255, 0.7); color: #000000; min-width: 42px; min-height: 12px; transition: all 1s ease 0s;\"><\/pre>\n<\/div>\n<pre id=\"mouseposition-extension-element-coordinate-display\" style=\"position: absolute; display: none; background: #ffffff; font-size: 12px; line-height: 14px; border-radius: 3px; border-width: 1px; border-color: #222222 black #333333; border-style: solid; padding: 3px; z-index: 2147483647; color: #222222; user-select: none; cursor: default; font-family: 'Helvetica Neue', Helvetica, Arial, sans-serif;\"><\/pre>\n<\/div>\n<p>[\/vc_column_text]<div class=\"boc_spacing \" style=\"height: 40px\"><\/div>[\/vc_column_inner][\/vc_row_inner][\/vc_column][vc_column width=\u00a0\u00bb1\/2&Prime;][vc_row_inner][vc_column_inner el_class=\u00a0\u00bbcenter\u00a0\u00bb]<div class=\"boc_spacing \" style=\"height: 80px\"><\/div><h3 class=\"boc_heading  al_left  \"  style=\"margin-bottom: 20px;margin-top: 0px;color: #333333;font-size: 24px;\"><span><strong>Mission et Vision &#8211; Comment allons-nous remplir et mener \u00e0 bien notre mission?<\/strong><\/span><\/h3><div class=\"boc_spacing \" style=\"height: 20px\"><\/div>[vc_column_text]<\/p>\n<p style=\"text-align: left;\">En exer\u00e7ant une activit\u00e9 de recherche continue impeccable (en \u00e9tant en qu\u00eate de richesse ou de ressources pour cr\u00e9er des connaissances),<br \/>\nInnovation (en \u00e9tant en qu\u00eate de connaissances pour cr\u00e9er de la richesse).<br \/>\nD\u00e9veloppement technologique (en transformant les id\u00e9es en produits technologiques) et D\u00e9veloppement Commercial (en adaptant le produit pour le rendre comp\u00e9titif).<\/p>\n<div id=\"mouseposition-extension-element-full-container\" style=\"position: fixed; top: 0px; left: 0px; right: 0px; bottom: 0px; pointer-events: none; z-index: 2147483647; font-weight: 400; text-align: left;\">\n<div id=\"mouseposition-extension-element-rect-display\" style=\"display: none; position: absolute; background: rgba(255, 255, 255, 0.7); outline: black solid 1px; font-size: 12px; z-index: 2147483647; justify-content: center; align-items: center; user-select: none; cursor: default; color: #000000; font-family: 'Helvetica Neue', Helvetica, Arial, sans-serif; width: 0px; height: 0px;\">\n<pre style=\"flex: 1 1 0%; text-align: center; background-color: rgba(255, 255, 255, 0.7); color: #000000; min-width: 42px; min-height: 12px; transition: all 1s ease 0s;\"><\/pre>\n<\/div>\n<pre id=\"mouseposition-extension-element-coordinate-display\" style=\"position: absolute; display: none; background: #ffffff; font-size: 12px; line-height: 14px; border-radius: 3px; border-width: 1px; border-color: #222222 black #333333; border-style: solid; padding: 3px; z-index: 2147483647; color: #222222; user-select: none; cursor: default; font-family: 'Helvetica Neue', Helvetica, Arial, sans-serif;\"><\/pre>\n<\/div>\n<p>[\/vc_column_text]<div class=\"boc_spacing \" style=\"height: 40px\"><\/div>[\/vc_column_inner][\/vc_row_inner][\/vc_column][\/vc_row][vc_row full_width=\u00a0\u00bbstretch_row_content_no_spaces\u00a0\u00bb bg_type=\u00a0\u00bbimage\u00a0\u00bb bg_image_new=\u00a0\u00bb24359&Prime; css=\u00a0\u00bb.vc_custom_1598868522310{padding-top: 45px !important;padding-right: 230px !important;padding-bottom: 45px !important;padding-left: 60px !important;}\u00a0\u00bb el_class=\u00a0\u00bbinvestigacion\u00a0\u00bb][vc_column]<div class=\"boc_spacing \" style=\"height: 75px\"><\/div>[vc_row_inner][vc_column_inner width=\u00a0\u00bb1\/4&Prime;]<h3 class=\"boc_heading shadow al_left  \"  style=\"margin-bottom: 20px;margin-top: 0px;color: #ffffff;font-size: 26px;\"><span>Tout en pensant \u00e0 nos objectifs futurs<\/span><\/h3>[\/vc_column_inner][vc_column_inner width=\u00a0\u00bb1\/2&Prime;][\/vc_column_inner][vc_column_inner width=\u00a0\u00bb1\/4&Prime;][\/vc_column_inner][\/vc_row_inner][\/vc_column][\/vc_row]<\/p>\n<\/div>","protected":false},"excerpt":{"rendered":"<p>[vc_row full_width=\u00a0\u00bbstretch_row_content_no_spaces\u00a0\u00bb parallax=\u00a0\u00bbcontent-moving-fade\u00a0\u00bb el_class=\u00a0\u00bbcenter\u00a0\u00bb][vc_column][rev_slider_vc alias=\u00a0\u00bbquienes-somos\u00a0\u00bb][\/vc_column][\/vc_row][vc_row][vc_column][vc_column_text]MYELOS GREEN est la marque actuelle d\u00e9di\u00e9e \u00e0 la conception, au d\u00e9veloppement et \u00e0 la commercialisation de moyens naturels de protection des cultures agricoles, en \u00e9vitant l&rsquo;utilisation d&rsquo;engrais et de pesticides r\u00e9siduels. L&rsquo;utilisation des produits\u00a0MYELOS GREEN, repr\u00e9sente une avanc\u00e9e sans pr\u00e9c\u00e9dent dans le domaine de l&rsquo;agriculture biologique, rentable et de qualit\u00e9. La technologie qui repr\u00e9sente la<\/p>\n<div class=\"h10\"><\/div>\n<p><a class=\"more-link2 flat\" href=\"https:\/\/www.myelosgreen.com\/fr\/quienes-somos\/\">Read more<\/a><\/p>\n","protected":false},"author":1,"featured_media":0,"parent":0,"menu_order":0,"comment_status":"closed","ping_status":"closed","template":"","meta":{"footnotes":""},"class_list":["post-24225","page","type-page","status-publish","hentry"],"_links":{"self":[{"href":"https:\/\/www.myelosgreen.com\/fr\/wp-json\/wp\/v2\/pages\/24225"}],"collection":[{"href":"https:\/\/www.myelosgreen.com\/fr\/wp-json\/wp\/v2\/pages"}],"about":[{"href":"https:\/\/www.myelosgreen.com\/fr\/wp-json\/wp\/v2\/types\/page"}],"author":[{"embeddable":true,"href":"https:\/\/www.myelosgreen.com\/fr\/wp-json\/wp\/v2\/users\/1"}],"replies":[{"embeddable":true,"href":"https:\/\/www.myelosgreen.com\/fr\/wp-json\/wp\/v2\/comments?post=24225"}],"version-history":[{"count":75,"href":"https:\/\/www.myelosgreen.com\/fr\/wp-json\/wp\/v2\/pages\/24225\/revisions"}],"predecessor-version":[{"id":25233,"href":"https:\/\/www.myelosgreen.com\/fr\/wp-json\/wp\/v2\/pages\/24225\/revisions\/25233"}],"wp:attachment":[{"href":"https:\/\/www.myelosgreen.com\/fr\/wp-json\/wp\/v2\/media?parent=24225"}],"curies":[{"name":"wp","href":"https:\/\/api.w.org\/{rel}","templated":true}]}}