{"id":24227,"date":"2020-08-26T12:26:17","date_gmt":"2020-08-26T10:26:17","guid":{"rendered":"http:\/\/myelosgreen.com\/?page_id=24227"},"modified":"2020-09-11T12:26:24","modified_gmt":"2020-09-11T10:26:24","slug":"que-es","status":"publish","type":"page","link":"https:\/\/www.myelosgreen.com\/fr\/que-es\/","title":{"rendered":"\u00bfQu\u00e9 es&#8230;?"},"content":{"rendered":"<div class=\"wpb-content-wrapper\"><p><\/p>\n<p>[vc_row full_width=\u00a0\u00bbstretch_row_content\u00a0\u00bb bg_type=\u00a0\u00bbgrad\u00a0\u00bb bg_grad=\u00a0\u00bbbackground: -webkit-gradient(linear, left top, left bottom, color-stop(19%, #2B88DA), color-stop(57%, #4FE2C9), color-stop(100%, #4FE2C9));background: -moz-linear-gradient(180deg,#2B88DA 19%,#4FE2C9 57%,#4FE2C9 100%);background: -webkit-linear-gradient(180deg,#2B88DA 19%,#4FE2C9 57%,#4FE2C9 100%);background: -o-linear-gradient(180deg,#2B88DA 19%,#4FE2C9 57%,#4FE2C9 100%);background: -ms-linear-gradient(180deg,#2B88DA 19%,#4FE2C9 57%,#4FE2C9 100%);background: linear-gradient(180deg,#2B88DA 19%,#4FE2C9 57%,#4FE2C9 100%);\u00a0\u00bb css=\u00a0\u00bb.vc_custom_1598869609339{padding-top: 80px !important;padding-bottom: 80px !important;}\u00a0\u00bb][vc_column css_animation=\u00a0\u00bbfadeIn\u00a0\u00bb width=\u00a0\u00bb1\/3&Prime;][vc_single_image alignment=\u00a0\u00bbcenter\u00a0\u00bb image=\u00a0\u00bb25168&Prime;][\/vc_column][vc_column css_animation=\u00a0\u00bbfadeIn\u00a0\u00bb width=\u00a0\u00bb1\/3&Prime;][vc_single_image alignment=\u00a0\u00bbcenter\u00a0\u00bb image=\u00a0\u00bb25167&Prime;][\/vc_column][vc_column css_animation=\u00a0\u00bbfadeIn\u00a0\u00bb width=\u00a0\u00bb1\/3&Prime;][vc_single_image alignment=\u00a0\u00bbcenter\u00a0\u00bb image=\u00a0\u00bb25169&Prime;][\/vc_column][\/vc_row][vc_row full_width=\u00a0\u00bbstretch_row\u00a0\u00bb bg_type=\u00a0\u00bbimage\u00a0\u00bb bg_image_new=\u00a0\u00bb24376&Prime; css=\u00a0\u00bb.vc_custom_1599560205617{padding-right: 100px !important;padding-bottom: 80px !important;padding-left: 100px !important;}\u00a0\u00bb][vc_column][vc_row_inner][vc_column_inner width=\u00a0\u00bb1\/2&Prime; css=\u00a0\u00bb.vc_custom_1598869921498{padding-top: 80px !important;padding-right: 100px !important;padding-bottom: 45px !important;}\u00a0\u00bb]<h3 class=\"boc_heading  center  \"  style=\"margin-bottom: 20px;margin-top: 0px;color: #333333;font-size: 30px;\"><span><strong>NUTRITION MOL\u00c9CULAIRE SYST\u00c9MIQUE?<\/strong><\/span><\/h3>[vc_column_text]<\/p>\n<p class=\"p1\">C&rsquo;est un mod\u00e8le de fertilisation par voie syst\u00e9mique \u00e0 haut rendement utilisant des ligands organiques actifs issus du r\u00e8gne v\u00e9g\u00e9tal, ce qui permet d&rsquo;abandonner l&rsquo;engrais r\u00e9siduel traditionnel.<\/p>\n<ul>\n<li>\u00c9conomise l\u2019eau.<\/li>\n<li>Diminue consid\u00e9rablement les doses d&rsquo;engrais requises.<\/li>\n<li>\u00c9vite les effets polluants sur les sols et les aquif\u00e8res.<\/li>\n<\/ul>\n<div id=\"mouseposition-extension-element-full-container\" style=\"position: fixed; top: 0px; left: 0px; right: 0px; bottom: 0px; pointer-events: none; z-index: 2147483647; font-weight: 400;\">\n<div id=\"mouseposition-extension-element-rect-display\" style=\"display: none; position: absolute; background: rgba(255, 255, 255, 0.7); outline: black solid 1px; font-size: 12px; z-index: 2147483647; justify-content: center; align-items: center; user-select: none; cursor: default; color: #000000; font-family: 'Helvetica Neue', Helvetica, Arial, sans-serif; width: 0px; height: 0px;\">\n<pre style=\"flex: 1 1 0%; text-align: center; background-color: rgba(255, 255, 255, 0.7); color: #000000; min-width: 42px; min-height: 12px; transition: all 1s ease 0s;\"><\/pre>\n<\/div>\n<pre id=\"mouseposition-extension-element-coordinate-display\" style=\"position: absolute; display: none; background: #ffffff; font-size: 12px; line-height: 14px; border-radius: 3px; border-width: 1px; border-color: #222222 black #333333; border-style: solid; padding: 3px; z-index: 2147483647; color: #222222; user-select: none; cursor: default; font-family: 'Helvetica Neue', Helvetica, Arial, sans-serif;\"><\/pre>\n<\/div>\n<p>[\/vc_column_text][\/vc_column_inner][vc_column_inner width=\u00a0\u00bb1\/2&Prime; css=\u00a0\u00bb.vc_custom_1598869927269{padding-top: 80px !important;padding-right: 100px !important;padding-bottom: 45px !important;}\u00a0\u00bb]<h3 class=\"boc_heading  center  \"  style=\"margin-bottom: 55px;margin-top: 0px;color: #333333;font-size: 30px;\"><span><strong>INCITATION AU D\u00c9VELOPPEMENT DE L\u2019AGRICULTURE BIOLOGIQUE?<\/strong><\/span><\/h3>[vc_column_text]<\/p>\n<p class=\"p1\">C&rsquo;est une technologie essentielle pour pr\u00e9server le monde et ses citoyens des<br \/>\nalt\u00e9rations de la sant\u00e9, en r\u00e9duisant au maximum la consommation des ressources, principalement l&rsquo;eau, \u00e9vitant l&rsquo;utilisation de pesticides r\u00e9siduels, dans une agriculture hautement comp\u00e9titive, favorisant les avantages sociaux, environnementaux et technologiques.<\/p>\n<p>[\/vc_column_text][\/vc_column_inner][\/vc_row_inner]<h3 class=\"boc_heading  center  \"  style=\"margin-bottom: 30px;margin-top: 0px;color: #333333;font-size: 30px;\"><span><strong>AGRICULTURE BIOLOGIQUE (AB)?<\/strong><\/span><\/h3>[vc_column_text]<\/p>\n<p class=\"p1\">Elle constitue un mode de production qui trouve son originalit\u00e9 dans le recours \u00e0 des pratiques<span class=\"Apple-converted-space\">\u00a0 <\/span>d&rsquo;Incitation au d\u00e9veloppement de l\u2019Agriculture Biologique sur sol ouvert ou ferm\u00e9 sous serre, sur substrat ou sur solution nutritive.<\/p>\n<p class=\"p1\">C&rsquo;est un paradigme qui fournit les bases th\u00e9oriques et pratiques de la nouvelle agriculture, du pr\u00e9sent et du futur, pour produire des aliments primaires ob\u00e9issant \u00e0 un syst\u00e8me de production de nature non invasive, bas\u00e9 sur la parfaite bio-adaptation des \u00e9cosyst\u00e8mes environnants \u00e0 l&rsquo;\u00e9cosyst\u00e8me agraire lui-m\u00eame (aquif\u00e8res, espaces verts naturels ou pas, zones foresti\u00e8res, zones rurales et zones urbaines).<\/p>\n<div id=\"mouseposition-extension-element-full-container\" style=\"position: fixed; top: 0px; left: 0px; right: 0px; bottom: 0px; pointer-events: none; z-index: 2147483647; font-weight: 400;\">\n<div id=\"mouseposition-extension-element-rect-display\" style=\"display: none; position: absolute; background: rgba(255, 255, 255, 0.7); outline: black solid 1px; font-size: 12px; z-index: 2147483647; justify-content: center; align-items: center; user-select: none; cursor: default; color: #000000; font-family: 'Helvetica Neue', Helvetica, Arial, sans-serif; width: 0px; height: 0px;\">\n<pre style=\"flex: 1 1 0%; text-align: center; background-color: rgba(255, 255, 255, 0.7); color: #000000; min-width: 42px; min-height: 12px; transition: all 1s ease 0s;\"><\/pre>\n<\/div>\n<pre id=\"mouseposition-extension-element-coordinate-display\" style=\"position: absolute; display: none; background: #ffffff; font-size: 12px; line-height: 14px; border-radius: 3px; border-width: 1px; border-color: #222222 black #333333; border-style: solid; padding: 3px; z-index: 2147483647; color: #222222; user-select: none; cursor: default; font-family: 'Helvetica Neue', Helvetica, Arial, sans-serif;\"><\/pre>\n<\/div>\n<p>[\/vc_column_text][\/vc_column][\/vc_row][vc_row full_width=\u00a0\u00bbstretch_row_content\u00a0\u00bb bg_type=\u00a0\u00bbimage\u00a0\u00bb bg_image_new=\u00a0\u00bb24377&Prime; enable_overlay=\u00a0\u00bbenable_overlay_value\u00a0\u00bb overlay_color=\u00a0\u00bb#0a0a0a\u00a0\u00bb overlay_pattern=\u00a0\u00bbtransperant\u00a0\u00bb css=\u00a0\u00bb.vc_custom_1598870374625{padding-top: 155px !important;padding-bottom: 155px !important;}\u00a0\u00bb][vc_column]<h2 class=\"boc_heading  center  \"  style=\"margin-bottom: 20px;margin-top: 0px;color: #ffffff;font-size: 38px;\"><span>Z\u00e9ro (R\u00e9sidu) de Pesticides<\/span><\/h2>[\/vc_column][\/vc_row][vc_row][vc_column]<div class=\"boc_spacing \" style=\"height: 80px\"><\/div><h3 class=\"boc_heading  al_left  \"  style=\"margin-bottom: 30px;margin-top: 0px;color: #333333;font-size: 22px;\"><span>En quoi nos produits de culture z\u00e9ro d\u00e9chet sont-ils diff\u00e9rents?<\/span><\/h3>[vc_column_text]<\/p>\n<p class=\"p1\">En ce qu&rsquo;ils sont les seuls \u00e0 offrir l&rsquo;alternative de combiner des traitements fertilisants et phytosanitaires, en \u00e9vitant l&rsquo;utilisation d&rsquo;engrais et de pesticides r\u00e9siduels, pour garantir la salubrit\u00e9 de la r\u00e9colte et la qualit\u00e9 en post-r\u00e9colte.<\/p>\n<p>[\/vc_column_text]<h3 class=\"boc_heading  al_left  \"  style=\"margin-bottom: 30px;margin-top: 0px;color: #333333;font-size: 22px;\"><span>Quels avantages offrent-ils?<\/span><\/h3><div class=\"boc_spacing \" style=\"height: 20px\"><\/div>[vc_column_text]<\/p>\n<ul>\n<li>\u00c9conomise l&rsquo;eau au maximum et par cons\u00e9quent les intrants aussi<\/li>\n<li>Syst\u00e8me solide et rapide de principes nutritionnels, \u00e9vitant les pertes\u2028r\u00e9siduelles dans le sol<\/li>\n<li>R\u00e9sistance maximale contre les ravageurs et les maladies de la r\u00e9colte, minimisant l&rsquo;utilisation de pesticides<\/li>\n<li>Protection maximale post-r\u00e9colte pendant le transport<\/li>\n<li>Qualit\u00e9 maximale des produits fabriqu\u00e9s<\/li>\n<\/ul>\n<div id=\"mouseposition-extension-element-full-container\" style=\"position: fixed; top: 0px; left: 0px; right: 0px; bottom: 0px; pointer-events: none; z-index: 2147483647; font-weight: 400;\">\n<div id=\"mouseposition-extension-element-rect-display\" style=\"display: none; position: absolute; background: rgba(255, 255, 255, 0.7); outline: black solid 1px; font-size: 12px; z-index: 2147483647; justify-content: center; align-items: center; user-select: none; cursor: default; color: #000000; font-family: 'Helvetica Neue', Helvetica, Arial, sans-serif; width: 0px; height: 0px;\">\n<pre style=\"flex: 1 1 0%; text-align: center; background-color: rgba(255, 255, 255, 0.7); color: #000000; min-width: 42px; min-height: 12px; transition: all 1s ease 0s;\"><\/pre>\n<\/div>\n<pre id=\"mouseposition-extension-element-coordinate-display\" style=\"position: absolute; display: none; background: #ffffff; font-size: 12px; line-height: 14px; border-radius: 3px; border-width: 1px; border-color: #222222 black #333333; border-style: solid; padding: 3px; z-index: 2147483647; color: #222222; user-select: none; cursor: default; font-family: 'Helvetica Neue', Helvetica, Arial, sans-serif;\"><\/pre>\n<\/div>\n<p>[\/vc_column_text]<div class=\"boc_spacing \" style=\"height: 30px\"><\/div>[\/vc_column][\/vc_row]<\/p>\n<p><\/p>\n<\/div>","protected":false},"excerpt":{"rendered":"<p>[vc_row full_width=\u00a0\u00bbstretch_row_content\u00a0\u00bb bg_type=\u00a0\u00bbgrad\u00a0\u00bb bg_grad=\u00a0\u00bbbackground: -webkit-gradient(linear, left top, left bottom, color-stop(19%, #2B88DA), color-stop(57%, #4FE2C9), color-stop(100%, #4FE2C9));background: -moz-linear-gradient(180deg,#2B88DA 19%,#4FE2C9 57%,#4FE2C9 100%);background: -webkit-linear-gradient(180deg,#2B88DA 19%,#4FE2C9 57%,#4FE2C9 100%);background: -o-linear-gradient(180deg,#2B88DA 19%,#4FE2C9 57%,#4FE2C9 100%);background: -ms-linear-gradient(180deg,#2B88DA 19%,#4FE2C9 57%,#4FE2C9 100%);background: linear-gradient(180deg,#2B88DA 19%,#4FE2C9 57%,#4FE2C9 100%);\u00a0\u00bb css=\u00a0\u00bb.vc_custom_1598869609339{padding-top: 80px !important;padding-bottom: 80px !important;}\u00a0\u00bb][vc_column css_animation=\u00a0\u00bbfadeIn\u00a0\u00bb width=\u00a0\u00bb1\/3&Prime;][vc_single_image alignment=\u00a0\u00bbcenter\u00a0\u00bb image=\u00a0\u00bb25168&Prime;][\/vc_column][vc_column css_animation=\u00a0\u00bbfadeIn\u00a0\u00bb width=\u00a0\u00bb1\/3&Prime;][vc_single_image alignment=\u00a0\u00bbcenter\u00a0\u00bb image=\u00a0\u00bb25167&Prime;][\/vc_column][vc_column css_animation=\u00a0\u00bbfadeIn\u00a0\u00bb width=\u00a0\u00bb1\/3&Prime;][vc_single_image alignment=\u00a0\u00bbcenter\u00a0\u00bb image=\u00a0\u00bb25169&Prime;][\/vc_column][\/vc_row][vc_row full_width=\u00a0\u00bbstretch_row\u00a0\u00bb bg_type=\u00a0\u00bbimage\u00a0\u00bb bg_image_new=\u00a0\u00bb24376&Prime; css=\u00a0\u00bb.vc_custom_1599560205617{padding-right: 100px !important;padding-bottom: 80px !important;padding-left:<\/p>\n<div class=\"h10\"><\/div>\n<p><a class=\"more-link2 flat\" href=\"https:\/\/www.myelosgreen.com\/fr\/que-es\/\">Read more<\/a><\/p>\n","protected":false},"author":1,"featured_media":0,"parent":0,"menu_order":0,"comment_status":"closed","ping_status":"closed","template":"","meta":{"footnotes":""},"class_list":["post-24227","page","type-page","status-publish","hentry"],"_links":{"self":[{"href":"https:\/\/www.myelosgreen.com\/fr\/wp-json\/wp\/v2\/pages\/24227"}],"collection":[{"href":"https:\/\/www.myelosgreen.com\/fr\/wp-json\/wp\/v2\/pages"}],"about":[{"href":"https:\/\/www.myelosgreen.com\/fr\/wp-json\/wp\/v2\/types\/page"}],"author":[{"embeddable":true,"href":"https:\/\/www.myelosgreen.com\/fr\/wp-json\/wp\/v2\/users\/1"}],"replies":[{"embeddable":true,"href":"https:\/\/www.myelosgreen.com\/fr\/wp-json\/wp\/v2\/comments?post=24227"}],"version-history":[{"count":48,"href":"https:\/\/www.myelosgreen.com\/fr\/wp-json\/wp\/v2\/pages\/24227\/revisions"}],"predecessor-version":[{"id":25217,"href":"https:\/\/www.myelosgreen.com\/fr\/wp-json\/wp\/v2\/pages\/24227\/revisions\/25217"}],"wp:attachment":[{"href":"https:\/\/www.myelosgreen.com\/fr\/wp-json\/wp\/v2\/media?parent=24227"}],"curies":[{"name":"wp","href":"https:\/\/api.w.org\/{rel}","templated":true}]}}