{"id":24234,"date":"2020-08-26T12:28:19","date_gmt":"2020-08-26T10:28:19","guid":{"rendered":"http:\/\/myelosgreen.com\/?page_id=24234"},"modified":"2020-09-11T12:40:03","modified_gmt":"2020-09-11T10:40:03","slug":"productos","status":"publish","type":"page","link":"https:\/\/www.myelosgreen.com\/fr\/productos\/","title":{"rendered":"Productos"},"content":{"rendered":"<div class=\"wpb-content-wrapper\"><p><\/p>\n<p>[vc_row full_width=\u00a0\u00bbstretch_row_content_no_spaces\u00a0\u00bb parallax=\u00a0\u00bbcontent-moving-fade\u00a0\u00bb bg_type=\u00a0\u00bbimage\u00a0\u00bb bg_image_new=\u00a0\u00bb24658&Prime; css=\u00a0\u00bb.vc_custom_1598872360204{margin-bottom: 0px !important;border-bottom-width: 0px !important;padding-top: 150px !important;padding-bottom: 150px !important;}\u00a0\u00bb el_class=\u00a0\u00bbcenter\u00a0\u00bb][vc_column css=\u00a0\u00bb.vc_custom_1598602990107{margin-bottom: 0px !important;border-bottom-width: 0px !important;}\u00a0\u00bb]<h3 class=\"boc_heading  center  \"  style=\"margin-bottom: 20px;margin-top: 0px;color: #ffffff;font-size: 46px;\"><span>Produits<\/span><\/h3>[\/vc_column][\/vc_row][vc_row full_width=\u00a0\u00bbstretch_row\u00a0\u00bb gap=\u00a0\u00bb20&Prime;][vc_column width=\u00a0\u00bb1\/2&Prime;]<div class=\"boc_spacing \" style=\"height: 80px\"><\/div>[vc_row_inner css=\u00a0\u00bb.vc_custom_1598872307906{background-image: url(http:\/\/myelosgreen.com\/wp-content\/uploads\/2020\/08\/agricultura.jpg?id=24659) !important;background-position: center !important;background-repeat: no-repeat !important;background-size: cover !important;}\u00a0\u00bb][vc_column_inner el_class=\u00a0\u00bbcenter\u00a0\u00bb]<div class=\"boc_spacing \" style=\"height: 80px\"><\/div><a\thref=\"http:\/\/myelosgreen.com\/nutricion-vegetal\/\" \n\t\t\t\tclass=\"button btn_large btn_white btn_squared btn_outline icon_pos_after btn_icon_anim_in  center\"  target='_self'><span>Nutrition V\u00e9g\u00e9tale\u2028<\/span> <i class='icon icon-angle-right2'><\/i> <\/a><div class=\"boc_spacing \" style=\"height: 80px\"><\/div>[\/vc_column_inner][\/vc_row_inner][\/vc_column][vc_column width=\u00a0\u00bb1\/2&Prime;]<div class=\"boc_spacing \" style=\"height: 80px\"><\/div>[vc_row_inner css=\u00a0\u00bb.vc_custom_1598872314228{background-image: url(http:\/\/myelosgreen.com\/wp-content\/uploads\/2020\/08\/industria-alimentacion-y-bebidas-mercado-12563.jpg?id=24660) !important;background-position: center !important;background-repeat: no-repeat !important;background-size: cover !important;}\u00a0\u00bb][vc_column_inner el_class=\u00a0\u00bbcenter\u00a0\u00bb]<div class=\"boc_spacing \" style=\"height: 80px\"><\/div><a\thref=\"http:\/\/myelosgreen.com\/industria-agroalimentaria\/\" \n\t\t\t\tclass=\"button btn_large btn_white btn_squared btn_outline icon_pos_after btn_icon_anim_in  center\"  target='_self'><span>Industrie Agroalimentaire<\/span> <i class='icon icon-arrow-right6'><\/i> <\/a><div class=\"boc_spacing \" style=\"height: 80px\"><\/div>[\/vc_column_inner][\/vc_row_inner][\/vc_column][\/vc_row][vc_row full_width=\u00a0\u00bbstretch_row\u00a0\u00bb css=\u00a0\u00bb.vc_custom_1599558171054{padding-top: 40px !important;background-image: url(http:\/\/myelosgreen.com\/wp-content\/uploads\/2020\/08\/hojas-melocotonero-alarg-1200&#215;400-1.jpg?id=24661) !important;background-position: center !important;background-repeat: no-repeat !important;background-size: cover !important;}\u00a0\u00bb][vc_column]<div class=\"boc_spacing \" style=\"height: 30px\"><\/div><h3 class=\"boc_heading  al_left  \"  style=\"margin-bottom: 20px;margin-top: 0px;color: #333333;font-size: 22px;\"><span>Notre catalogue se compose d\u2019une grande vari\u00e9t\u00e9 de produits<\/span><\/h3><div class=\"boc_spacing \" style=\"height: 30px\"><\/div>[vc_row_inner][vc_column_inner width=\u00a0\u00bb2\/3&Prime; css=\u00a0\u00bb.vc_custom_1599558199606{margin-left: 0px !important;}\u00a0\u00bb][vc_column_text]<\/p>\n<p class=\"p1\">Nos produits sont int\u00e9gr\u00e9s dans les processus de production de l&rsquo;Agriculture et de l&rsquo;Industrie Agroalimentaire, aidant \u00e0 couvrir les besoins inh\u00e9rents \u00e0 ces processus, ainsi qu&rsquo;\u00e0 r\u00e9soudre les probl\u00e8mes conjoncturels qui y sont associ\u00e9s.<\/p>\n<p class=\"p1\">Nous sommes convaincus que le large catalogue et le choix que nous proposons aidera votre entreprise \u00e0 <b>am\u00e9liorer son produit final<\/b>, \u00e0 <b>augmenter sa productivit\u00e9<\/b>, \u00e0 proposer des produits avec une plus <b>grande garantie de salubrit\u00e9 et \u00e0 augmenter consid\u00e9rablement la rentabilit\u00e9 de votre entreprise<\/b>.<\/p>\n<p class=\"p1\">Parcourez notre site Web, et d\u00e9couvrez tout ce que nous pouvons vous offrir, <b>un grand nombre de clients nous ont d\u00e9j\u00e0 fait confiance<\/b>, vous serez s\u00fbrement le prochain \u00e0 faire partie de cette grande famille.<\/p>\n<div id=\"mouseposition-extension-element-full-container\" style=\"position: fixed; top: 0px; left: 0px; right: 0px; bottom: 0px; pointer-events: none; z-index: 2147483647; font-weight: 400;\">\n<div id=\"mouseposition-extension-element-rect-display\" style=\"display: none; position: absolute; background: rgba(255, 255, 255, 0.7); outline: black solid 1px; font-size: 12px; z-index: 2147483647; justify-content: center; align-items: center; user-select: none; cursor: default; color: #000000; font-family: 'Helvetica Neue', Helvetica, Arial, sans-serif; width: 0px; height: 0px;\">\n<pre style=\"flex: 1 1 0%; text-align: center; background-color: rgba(255, 255, 255, 0.7); color: #000000; min-width: 42px; min-height: 12px; transition: all 1s ease 0s;\"><\/pre>\n<\/div>\n<pre id=\"mouseposition-extension-element-coordinate-display\" style=\"position: absolute; display: none; background: #ffffff; font-size: 12px; line-height: 14px; border-radius: 3px; border-width: 1px; border-color: #222222 black #333333; border-style: solid; padding: 3px; z-index: 2147483647; color: #222222; user-select: none; cursor: default; font-family: 'Helvetica Neue', Helvetica, Arial, sans-serif;\"><\/pre>\n<\/div>\n<p>[\/vc_column_text]<div class=\"boc_spacing \" style=\"height: 40px\"><\/div>[\/vc_column_inner][vc_column_inner width=\u00a0\u00bb1\/3&Prime;][\/vc_column_inner][\/vc_row_inner][\/vc_column][\/vc_row]<\/p>\n<p><\/p>\n<\/div>","protected":false},"excerpt":{"rendered":"<p>[vc_row full_width=\u00a0\u00bbstretch_row_content_no_spaces\u00a0\u00bb parallax=\u00a0\u00bbcontent-moving-fade\u00a0\u00bb bg_type=\u00a0\u00bbimage\u00a0\u00bb bg_image_new=\u00a0\u00bb24658&Prime; css=\u00a0\u00bb.vc_custom_1598872360204{margin-bottom: 0px !important;border-bottom-width: 0px !important;padding-top: 150px !important;padding-bottom: 150px !important;}\u00a0\u00bb el_class=\u00a0\u00bbcenter\u00a0\u00bb][vc_column css=\u00a0\u00bb.vc_custom_1598602990107{margin-bottom: 0px !important;border-bottom-width: 0px !important;}\u00a0\u00bb][\/vc_column][\/vc_row][vc_row full_width=\u00a0\u00bbstretch_row\u00a0\u00bb gap=\u00a0\u00bb20&Prime;][vc_column width=\u00a0\u00bb1\/2&Prime;][vc_row_inner css=\u00a0\u00bb.vc_custom_1598872307906{background-image: url(http:\/\/myelosgreen.com\/wp-content\/uploads\/2020\/08\/agricultura.jpg?id=24659) !important;background-position: center !important;background-repeat: no-repeat !important;background-size: cover !important;}\u00a0\u00bb][vc_column_inner el_class=\u00a0\u00bbcenter\u00a0\u00bb][\/vc_column_inner][\/vc_row_inner][\/vc_column][vc_column width=\u00a0\u00bb1\/2&Prime;][vc_row_inner css=\u00a0\u00bb.vc_custom_1598872314228{background-image: url(http:\/\/myelosgreen.com\/wp-content\/uploads\/2020\/08\/industria-alimentacion-y-bebidas-mercado-12563.jpg?id=24660) !important;background-position: center !important;background-repeat: no-repeat !important;background-size: cover !important;}\u00a0\u00bb][vc_column_inner el_class=\u00a0\u00bbcenter\u00a0\u00bb][\/vc_column_inner][\/vc_row_inner][\/vc_column][\/vc_row][vc_row full_width=\u00a0\u00bbstretch_row\u00a0\u00bb css=\u00a0\u00bb.vc_custom_1599558171054{padding-top: 40px !important;background-image: url(http:\/\/myelosgreen.com\/wp-content\/uploads\/2020\/08\/hojas-melocotonero-alarg-1200&#215;400-1.jpg?id=24661) !important;background-position: center !important;background-repeat: no-repeat !important;background-size: cover !important;}\u00a0\u00bb][vc_column][vc_row_inner][vc_column_inner width=\u00a0\u00bb2\/3&Prime; css=\u00a0\u00bb.vc_custom_1599558199606{margin-left: 0px !important;}\u00a0\u00bb][vc_column_text]<\/p>\n<div class=\"h10\"><\/div>\n<p><a class=\"more-link2 flat\" href=\"https:\/\/www.myelosgreen.com\/fr\/productos\/\">Read more<\/a><\/p>\n","protected":false},"author":1,"featured_media":0,"parent":0,"menu_order":0,"comment_status":"closed","ping_status":"closed","template":"","meta":{"footnotes":""},"class_list":["post-24234","page","type-page","status-publish","hentry"],"_links":{"self":[{"href":"https:\/\/www.myelosgreen.com\/fr\/wp-json\/wp\/v2\/pages\/24234"}],"collection":[{"href":"https:\/\/www.myelosgreen.com\/fr\/wp-json\/wp\/v2\/pages"}],"about":[{"href":"https:\/\/www.myelosgreen.com\/fr\/wp-json\/wp\/v2\/types\/page"}],"author":[{"embeddable":true,"href":"https:\/\/www.myelosgreen.com\/fr\/wp-json\/wp\/v2\/users\/1"}],"replies":[{"embeddable":true,"href":"https:\/\/www.myelosgreen.com\/fr\/wp-json\/wp\/v2\/comments?post=24234"}],"version-history":[{"count":34,"href":"https:\/\/www.myelosgreen.com\/fr\/wp-json\/wp\/v2\/pages\/24234\/revisions"}],"predecessor-version":[{"id":25224,"href":"https:\/\/www.myelosgreen.com\/fr\/wp-json\/wp\/v2\/pages\/24234\/revisions\/25224"}],"wp:attachment":[{"href":"https:\/\/www.myelosgreen.com\/fr\/wp-json\/wp\/v2\/media?parent=24234"}],"curies":[{"name":"wp","href":"https:\/\/api.w.org\/{rel}","templated":true}]}}