{"id":24238,"date":"2020-08-26T12:28:50","date_gmt":"2020-08-26T10:28:50","guid":{"rendered":"http:\/\/myelosgreen.com\/?page_id=24238"},"modified":"2020-10-13T15:17:44","modified_gmt":"2020-10-13T13:17:44","slug":"industria-agroalimentaria","status":"publish","type":"page","link":"https:\/\/www.myelosgreen.com\/fr\/industria-agroalimentaria\/","title":{"rendered":"Industria Agroalimentaria"},"content":{"rendered":"<div class=\"wpb-content-wrapper\"><p>[vc_row full_width=\u00a0\u00bbstretch_row_content\u00a0\u00bb bg_type=\u00a0\u00bbimage\u00a0\u00bb bg_image_new=\u00a0\u00bb24832&Prime; enable_overlay=\u00a0\u00bbenable_overlay_value\u00a0\u00bb overlay_color=\u00a0\u00bb#0a0a0a\u00a0\u00bb css=\u00a0\u00bb.vc_custom_1598881487934{padding-top: 150px !important;padding-bottom: 150px !important;}\u00a0\u00bb][vc_column]<h3 class=\"boc_heading  center  \"  style=\"margin-bottom: 20px;margin-top: 0px;color: #ffffff;font-size: 46px;\"><span>\u00bfIndustrie Agroalimentaire?<\/span><\/h3>[\/vc_column][\/vc_row][vc_row full_width=\u00a0\u00bbstretch_row_content\u00a0\u00bb bg_type=\u00a0\u00bbbg_color\u00a0\u00bb css=\u00a0\u00bb.vc_custom_1602595062275{padding-top: 145px !important;padding-bottom: 145px !important;}\u00a0\u00bb bg_color_value=\u00a0\u00bb#0c71c3&Prime;][vc_column]<h3 class=\"boc_heading  center  \"  style=\"margin-top: 0px;color: #ffffff;font-size: 26px;\"><span>Nos produits pour l&rsquo;industrie alimentaire se concentrent sur deux domaines\u2028principaux: caves et post-r\u00e9colte, et sont destin\u00e9s \u00e0 remplacer les traitements traditionnels, \u00e0 la fois pour leur s\u00e9curit\u00e9 et le respect de l&rsquo;environnement, et pour leur moindre co\u00fbt par traitement.<\/span><\/h3>[\/vc_column][\/vc_row][vc_row full_width=\u00a0\u00bbstretch_row\u00a0\u00bb bg_type=\u00a0\u00bbimage\u00a0\u00bb bg_image_new=\u00a0\u00bb24835&Prime; bg_image_repeat=\u00a0\u00bbno-repeat\u00a0\u00bb][vc_column]<div class=\"boc_spacing \" style=\"height: 70px\"><\/div>[vc_row_inner][vc_column_inner width=\u00a0\u00bb1\/4&Prime;]<h3 class=\"boc_heading  al_left  \"  style=\"margin-bottom: 20px;margin-top: 0px;color: #333333;font-size: 30px;\"><span>Caves \u00e0 vin<\/span><\/h3>[\/vc_column_inner][vc_column_inner width=\u00a0\u00bb3\/4&Prime;][\/vc_column_inner][\/vc_row_inner][vc_row_inner][vc_column_inner width=\u00a0\u00bb1\/4&Prime;]<h3 class=\"boc_heading  al_left  \"  style=\"margin-bottom: 19px;margin-top: 0px;color: #333333;font-size: 26px;\"><span> Nom<\/span><\/h3>[\/vc_column_inner][vc_column_inner width=\u00a0\u00bb3\/4&Prime;]<h3 class=\"boc_heading  al_left  \"  style=\"margin-bottom: 20px;margin-top: 0px;color: #333333;font-size: 26px;\"><span>Description<\/span><\/h3>[\/vc_column_inner][\/vc_row_inner][vc_row_inner][vc_column_inner width=\u00a0\u00bb1\/4&Prime;]<h3 class=\"boc_heading  al_left  \"  style=\"margin-bottom: 20px;margin-top: 0px;color: #333;\"><span>LEVIBACTER<\/span><\/h3>[\/vc_column_inner][vc_column_inner width=\u00a0\u00bb3\/4&Prime;][vc_column_text]<\/p>\n<p class=\"p1\">Levibacter est un <b>additif conservateur pour les vins.<\/b><\/p>\n<p class=\"p1\">Son application en grande quantit\u00e9 est con\u00e7ue <b>pour la conservation prophylactique des vins.<\/b><br \/>\nParticuli\u00e8rement indiqu\u00e9 pour <b>emp\u00eacher l&rsquo;augmentation de l&rsquo;acidit\u00e9 volatile, ainsi que pour \u00e9viter la refermentation<\/b> des vins rest\u00e9s l\u00e9g\u00e8rement sucr\u00e9s.<\/p>\n<p class=\"p1\"><b>Format:<\/b> Bouteille en poly\u00e9thyl\u00e8ne de 20 litres<\/p>\n<p>[\/vc_column_text][\/vc_column_inner][\/vc_row_inner]<div class=\"boc_spacing \" style=\"height: 60px\"><\/div>[vc_row_inner][vc_column_inner width=\u00a0\u00bb1\/4&Prime;]<h3 class=\"boc_heading  al_left  \"  style=\"margin-bottom: 20px;margin-top: 0px;color: #333;\"><span>OXIFEN<\/span><\/h3>[\/vc_column_inner][vc_column_inner width=\u00a0\u00bb3\/4&Prime;][vc_column_text]<\/p>\n<p class=\"p1\"><b>D\u00e9contaminateur<\/b> chimique et microbiologique. Nettoyant d\u00e9tergent pour l&rsquo;industrie alimentaire. Poudre cristalline soluble, <b>sans chlore.<\/b><\/p>\n<p class=\"p1\"><b><br \/>\nSon application est con\u00e7ue pour un traitement tr\u00e8s fort, en profondeur, tr\u00e8s rapide et intense DESINCRUSTATION, D\u00c9TARTRAGE ET D\u00c9CONTAMINATION (microbiologique et chimique)<\/b> de tous types de surfaces avec des r\u00e9sidus organiques abondants, typiques des caves. La d\u00e9sincrustation et la d\u00e9contamination sont effectu\u00e9s <b>en un seul traitement,<\/b> \u00e9liminant d\u00e9finitivement toute esp\u00e8ce chlor\u00e9e.<\/p>\n<p class=\"p1\"><b>Format:<\/b> Sacs de 5 et 20 kg et big-bag de 500 kg<\/p>\n<div id=\"mouseposition-extension-element-full-container\" style=\"position: fixed; top: 0px; left: 0px; right: 0px; bottom: 0px; pointer-events: none; z-index: 2147483647; font-weight: 400;\">\n<div id=\"mouseposition-extension-element-rect-display\" style=\"display: none; position: absolute; background: rgba(255, 255, 255, 0.7); outline: black solid 1px; font-size: 12px; z-index: 2147483647; justify-content: center; align-items: center; user-select: none; cursor: default; color: #000000; font-family: 'Helvetica Neue', Helvetica, Arial, sans-serif; width: 0px; height: 0px;\">\n<pre style=\"flex: 1 1 0%; text-align: center; background-color: rgba(255, 255, 255, 0.7); color: #000000; min-width: 42px; min-height: 12px; transition: all 1s ease 0s;\"><\/pre>\n<\/div>\n<pre id=\"mouseposition-extension-element-coordinate-display\" style=\"position: absolute; display: none; background: #ffffff; font-size: 12px; line-height: 14px; border-radius: 3px; border-width: 1px; border-color: #222222 black #333333; border-style: solid; padding: 3px; z-index: 2147483647; color: #222222; user-select: none; cursor: default; font-family: 'Helvetica Neue', Helvetica, Arial, sans-serif;\"><\/pre>\n<\/div>\n<p>[\/vc_column_text][\/vc_column_inner][\/vc_row_inner]<div class=\"boc_spacing \" style=\"height: 60px\"><\/div>[vc_row_inner][vc_column_inner width=\u00a0\u00bb1\/4&Prime;]<h3 class=\"boc_heading  al_left  \"  style=\"margin-bottom: 20px;margin-top: 0px;color: #333;\"><span>OXIFEN HIDRO<\/span><\/h3>[\/vc_column_inner][vc_column_inner width=\u00a0\u00bb3\/4&Prime;][vc_column_text]<b>Nettoyant de surface liquide d\u00e9sinfectant pour les caves.<\/b><\/p>\n<p><b>Son application est con\u00e7ue pour D\u00c9TARTRER, D\u00c9SINCRUSTER ET<br \/>\nHYGI\u00c9NISER toutes sortes de surfaces avec des d\u00e9chets organiques, typiques des caves.<\/b><\/p>\n<p class=\"p1\">Le d\u00e9sincrustation et la d\u00e9sinfection se font en <b>un seul traitement,<\/b> sans rin\u00e7age ult\u00e9rieur; rejet d\u00e9finitif de toute esp\u00e8ce chlor\u00e9e. Il peut \u00e9galement \u00eatre utilis\u00e9 pour la r\u00e9g\u00e9n\u00e9ration des cartouches filtrantes.<\/p>\n<p class=\"p1\"><b>Format:<\/b> Bouteille en poly\u00e9thyl\u00e8ne de 20 litres<\/p>\n<div id=\"mouseposition-extension-element-full-container\" style=\"position: fixed; top: 0px; left: 0px; right: 0px; bottom: 0px; pointer-events: none; z-index: 2147483647; font-weight: 400;\">\n<div id=\"mouseposition-extension-element-rect-display\" style=\"display: none; position: absolute; background: rgba(255, 255, 255, 0.7); outline: black solid 1px; font-size: 12px; z-index: 2147483647; justify-content: center; align-items: center; user-select: none; cursor: default; color: #000000; font-family: 'Helvetica Neue', Helvetica, Arial, sans-serif; width: 0px; height: 0px;\">\n<pre style=\"flex: 1 1 0%; text-align: center; background-color: rgba(255, 255, 255, 0.7); color: #000000; min-width: 42px; min-height: 12px; transition: all 1s ease 0s;\"><\/pre>\n<\/div>\n<pre id=\"mouseposition-extension-element-coordinate-display\" style=\"position: absolute; display: none; background: #ffffff; font-size: 12px; line-height: 14px; border-radius: 3px; border-width: 1px; border-color: #222222 black #333333; border-style: solid; padding: 3px; z-index: 2147483647; color: #222222; user-select: none; cursor: default; font-family: 'Helvetica Neue', Helvetica, Arial, sans-serif;\"><\/pre>\n<\/div>\n<p>[\/vc_column_text][\/vc_column_inner][\/vc_row_inner]<div class=\"boc_spacing \" style=\"height: 90px\"><\/div>[vc_row_inner][vc_column_inner width=\u00a0\u00bb1\/4&Prime;]<h3 class=\"boc_heading  al_left  \"  style=\"margin-bottom: 20px;margin-top: 0px;color: #333333;font-size: 30px;\"><span>Post-r\u00e9colte<\/span><\/h3>[\/vc_column_inner][vc_column_inner width=\u00a0\u00bb3\/4&Prime;][\/vc_column_inner][\/vc_row_inner][vc_row_inner][vc_column_inner width=\u00a0\u00bb1\/4&Prime;]<h3 class=\"boc_heading  al_left  \"  style=\"margin-bottom: 19px;margin-top: 0px;color: #333333;font-size: 26px;\"><span> Nom<\/span><\/h3>[\/vc_column_inner][vc_column_inner width=\u00a0\u00bb3\/4&Prime;]<h3 class=\"boc_heading  al_left  \"  style=\"margin-bottom: 20px;margin-top: 0px;color: #333333;font-size: 26px;\"><span>Description<\/span><\/h3>[\/vc_column_inner][\/vc_row_inner][vc_row_inner][vc_column_inner width=\u00a0\u00bb1\/4&Prime;]<h3 class=\"boc_heading  al_left  \"  style=\"margin-bottom: 20px;margin-top: 0px;color: #333;\"><span>CERISAN<\/span><\/h3>[\/vc_column_inner][vc_column_inner width=\u00a0\u00bb3\/4&Prime;][vc_column_text]<\/p>\n<p class=\"p1\"><b>Cire v\u00e9g\u00e9tale comestible ayant une capacit\u00e9 fongicide<\/b> pour le polissage externe du fruit, dans l&rsquo;industrie des fruits et des agrumes. Dispersion aqueuse de polysaccharides et d&rsquo;huiles v\u00e9g\u00e9tales alimentaires.<\/p>\n<p class=\"p1\">Son application est con\u00e7ue pour le<b> cirage des fruits et des agrumes<\/b> avant la pr\u00e9paration pour aller au march\u00e9. <b>Vous n&rsquo;avez pas besoin d&rsquo;appliquer des fongicides.<\/b><\/p>\n<p class=\"p1\">Il n&rsquo;a pas besoin de chaleur pour son application et le s\u00e9chage peut se faire \u00e0 froid.<\/p>\n<p class=\"p1\"><b>Format:<\/b> Bouteille en poly\u00e9thyl\u00e8ne de 20 litres<\/p>\n<div id=\"mouseposition-extension-element-full-container\" style=\"position: fixed; top: 0px; left: 0px; right: 0px; bottom: 0px; pointer-events: none; z-index: 2147483647; font-weight: 400;\">\n<div id=\"mouseposition-extension-element-rect-display\" style=\"display: none; position: absolute; background: rgba(255, 255, 255, 0.7); outline: black solid 1px; font-size: 12px; z-index: 2147483647; justify-content: center; align-items: center; user-select: none; cursor: default; color: #000000; font-family: 'Helvetica Neue', Helvetica, Arial, sans-serif; width: 0px; height: 0px;\">\n<pre style=\"flex: 1 1 0%; text-align: center; background-color: rgba(255, 255, 255, 0.7); color: #000000; min-width: 42px; min-height: 12px; transition: all 1s ease 0s;\"><\/pre>\n<\/div>\n<pre id=\"mouseposition-extension-element-coordinate-display\" style=\"position: absolute; display: none; background: #ffffff; font-size: 12px; line-height: 14px; border-radius: 3px; border-width: 1px; border-color: #222222 black #333333; border-style: solid; padding: 3px; z-index: 2147483647; color: #222222; user-select: none; cursor: default; font-family: 'Helvetica Neue', Helvetica, Arial, sans-serif;\"><\/pre>\n<\/div>\n<p>[\/vc_column_text][\/vc_column_inner][\/vc_row_inner]<div class=\"boc_spacing \" style=\"height: 60px\"><\/div>[vc_row_inner][vc_column_inner width=\u00a0\u00bb1\/4&Prime;]<h3 class=\"boc_heading  al_left  \"  style=\"margin-bottom: 20px;margin-top: 0px;color: #333;\"><span>FRUITING<\/span><\/h3>[\/vc_column_inner][vc_column_inner width=\u00a0\u00bb3\/4&Prime;][vc_column_text]<\/p>\n<p class=\"p1\"><b>Conservateur alimentaire.<\/b> Utilisation quotidienne dans les doches ou bains \u00e0 la r\u00e9ception d&rsquo;agrumes et de fruits; ainsi que dans l&rsquo;application d\u00e9sinfectante finale apr\u00e8s le lavage du fruit, <b>pour \u00e9viter l&rsquo;apparition de moisissures. Il ne contient pas de chlore ni de biocides. Ne mousse pas. Ne contient pas d\u2019ar\u00f4mes ni de colorants.<\/b><\/p>\n<p class=\"p1\">Son application est con\u00e7ue pour <b>assainir la surface des agrumes et des fruits,<\/b> appliqu\u00e9e lors des premi\u00e8res douches \u00e0 la r\u00e9ception du fruit.<\/p>\n<p class=\"p1\"><b>Format:<\/b> Bouteille en poly\u00e9thyl\u00e8ne de 20 litres<\/p>\n<div id=\"mouseposition-extension-element-full-container\" style=\"position: fixed; top: 0px; left: 0px; right: 0px; bottom: 0px; pointer-events: none; z-index: 2147483647; font-weight: 400;\">\n<div id=\"mouseposition-extension-element-rect-display\" style=\"display: none; position: absolute; background: rgba(255, 255, 255, 0.7); outline: black solid 1px; font-size: 12px; z-index: 2147483647; justify-content: center; align-items: center; user-select: none; cursor: default; color: #000000; font-family: 'Helvetica Neue', Helvetica, Arial, sans-serif; width: 0px; height: 0px;\">\n<pre style=\"flex: 1 1 0%; text-align: center; background-color: rgba(255, 255, 255, 0.7); color: #000000; min-width: 42px; min-height: 12px; transition: all 1s ease 0s;\"><\/pre>\n<\/div>\n<pre id=\"mouseposition-extension-element-coordinate-display\" style=\"position: absolute; display: none; background: #ffffff; font-size: 12px; line-height: 14px; border-radius: 3px; border-width: 1px; border-color: #222222 black #333333; border-style: solid; padding: 3px; z-index: 2147483647; color: #222222; user-select: none; cursor: default; font-family: 'Helvetica Neue', Helvetica, Arial, sans-serif;\"><\/pre>\n<\/div>\n<p>[\/vc_column_text][\/vc_column_inner][\/vc_row_inner]<div class=\"boc_spacing \" style=\"height: 60px\"><\/div>[vc_row_inner][vc_column_inner width=\u00a0\u00bb1\/4&Prime;]<h3 class=\"boc_heading  al_left  \"  style=\"margin-bottom: 20px;margin-top: 0px;color: #333;\"><span>MECHANIC<\/span><\/h3>[\/vc_column_inner][vc_column_inner width=\u00a0\u00bb3\/4&Prime;][vc_column_text]<\/p>\n<p class=\"p1\">Solution concentr\u00e9e de sucres r\u00e9ducteurs et de dim\u00e9thylpolysiloxane, qui <b>\u00e9vite le frottement m\u00e9canique des poires<\/b> lors des manipulations post-r\u00e9colte. Son application est inoffensive pour les tissus v\u00e9g\u00e9taux, pour les personnes et pour l&rsquo;Environnement.<\/p>\n<p class=\"p1\">Il est recommand\u00e9 de l&rsquo;appliquer par immersion dans l&rsquo;eau de lavage, ou par pulv\u00e9risation au moyen de buses sur les poires pr\u00e9alablement lav\u00e9es.<\/p>\n<p class=\"p1\">C&rsquo;est un liquide qui n&rsquo;affecte pas les capteurs de vidange.<\/p>\n<p class=\"p1\"><b>Format:<\/b> Bouteille en poly\u00e9thyl\u00e8ne de 20 litres<\/p>\n<div id=\"mouseposition-extension-element-full-container\" style=\"position: fixed; top: 0px; left: 0px; right: 0px; bottom: 0px; pointer-events: none; z-index: 2147483647; font-weight: 400;\">\n<div id=\"mouseposition-extension-element-rect-display\" style=\"display: none; position: absolute; background: rgba(255, 255, 255, 0.7); outline: black solid 1px; font-size: 12px; z-index: 2147483647; justify-content: center; align-items: center; user-select: none; cursor: default; color: #000000; font-family: 'Helvetica Neue', Helvetica, Arial, sans-serif; width: 0px; height: 0px;\">\n<pre style=\"flex: 1 1 0%; text-align: center; background-color: rgba(255, 255, 255, 0.7); color: #000000; min-width: 42px; min-height: 12px; transition: all 1s ease 0s;\"><\/pre>\n<\/div>\n<pre id=\"mouseposition-extension-element-coordinate-display\" style=\"position: absolute; display: none; background: #ffffff; font-size: 12px; line-height: 14px; border-radius: 3px; border-width: 1px; border-color: #222222 black #333333; border-style: solid; padding: 3px; z-index: 2147483647; color: #222222; user-select: none; cursor: default; font-family: 'Helvetica Neue', Helvetica, Arial, sans-serif;\"><\/pre>\n<\/div>\n<p>[\/vc_column_text][\/vc_column_inner][\/vc_row_inner]<div class=\"boc_spacing \" style=\"height: 60px\"><\/div>[vc_row_inner][vc_column_inner width=\u00a0\u00bb1\/4&Prime;]<h3 class=\"boc_heading  al_left  \"  style=\"margin-bottom: 20px;margin-top: 0px;color: #333;\"><span>MYELFRESH<\/span><\/h3>[\/vc_column_inner][vc_column_inner width=\u00a0\u00bb3\/4&Prime;][vc_column_text]<\/p>\n<p class=\"p1\">Additif alimentaire. Solution concentr\u00e9e de sucres et de glyc\u00e9rine v\u00e9g\u00e9tale qui <b>retarde le processus de maturation post-r\u00e9colte<\/b>, cr\u00e9ant un milieu r\u00e9ducteur qui minimise les effets de la respiration et de la transpiration des fruits et l\u00e9gumes frais. Il n&rsquo;est pas visqueux et est tr\u00e8s facile \u00e0 manipuler.<\/p>\n<p class=\"p1\">Son application est recommand\u00e9e pour <b>l&rsquo;enrobage de fruits frais, de l\u00e9gumes et d&rsquo;agrumes<\/b>, prolongeant la dur\u00e9e de conservation en stockage r\u00e9frig\u00e9r\u00e9.<\/p>\n<p class=\"p1\"><b>Format:<\/b> Bouteille en poly\u00e9thyl\u00e8ne de 5 litres<\/p>\n<p>[\/vc_column_text][\/vc_column_inner][\/vc_row_inner]<div class=\"boc_spacing \" style=\"height: 60px\"><\/div>[vc_row_inner][vc_column_inner width=\u00a0\u00bb1\/4&Prime;]<h3 class=\"boc_heading  al_left  \"  style=\"margin-bottom: 20px;margin-top: 0px;color: #333;\"><span>OXIFEN MICOTOXINE<\/span><\/h3>[\/vc_column_inner][vc_column_inner width=\u00a0\u00bb3\/4&Prime;][vc_column_text]<\/p>\n<p class=\"p1\">Additif alimentaire, conservateur pour <b>pr\u00e9venir l&rsquo;apparition de mycotoxines<\/b> pr\u00e9sentes dans certains aliments, provenant <b><i>d&rsquo;Aspergillus parasiticus et d&rsquo;Aspergillus flavus<\/i><\/b>, producteurs <b>d&rsquo;aflatoxines (B1, B2, G1 et G2);<\/b> dans les aliments comme le ma\u00efs, le sorgho, le riz, le bl\u00e9, les ol\u00e9agineux, les \u00e9pices et les fruits secs (ou fruits \u00e0 coque) (amandes, pistaches, noix, noix de coco, noix du Br\u00e9sil, cacahu\u00e8tes, etc.)<\/p>\n<p class=\"p1\"><b>Format:<\/b> Bouteille en poly\u00e9thyl\u00e8ne de 20 litres<\/p>\n<p>[\/vc_column_text][\/vc_column_inner][\/vc_row_inner]<div class=\"boc_spacing \" style=\"height: 60px\"><\/div>[vc_row_inner][vc_column_inner width=\u00a0\u00bb1\/4&Prime;]<h3 class=\"boc_heading  al_left  \"  style=\"margin-bottom: 20px;margin-top: 0px;color: #333;\"><span>OXIFEN RADICAL<\/span><\/h3>[\/vc_column_inner][vc_column_inner width=\u00a0\u00bb3\/4&Prime;][vc_column_text]<\/p>\n<p class=\"p1\">Poudre soluble d&rsquo;additif alimentaire pour la conservation de l&rsquo;eau destin\u00e9e \u00e0 la consommation humaine.<\/p>\n<p class=\"p1\"><b>Pour une utilisation quotidienne dans les bassins de lavage des fruits, l\u00e9gumes pour une 4\u00e8me gamme, plantains et bananes, pour \u00e9viter ou retarder l&rsquo;apparition de moisissures, champignons et bact\u00e9ries dans l&rsquo;\u00e9corce du fruit.<\/b><\/p>\n<p class=\"p1\"><b><br \/>\nIl ne contient pas de chlore. Ne contient pas de peroxydes.<\/b><\/p>\n<p class=\"p1\"><b><br \/>\nFormat:<\/b> Bouteille en poly\u00e9thyl\u00e8ne de 1 kg<\/p>\n<p>[\/vc_column_text][\/vc_column_inner][\/vc_row_inner]<div class=\"boc_spacing \" style=\"height: 60px\"><\/div>[vc_row_inner][vc_column_inner width=\u00a0\u00bb1\/4&Prime;]<h3 class=\"boc_heading  al_left  \"  style=\"margin-bottom: 20px;margin-top: 0px;color: #333;\"><span>STOPPING<\/span><\/h3>[\/vc_column_inner][vc_column_inner width=\u00a0\u00bb3\/4&Prime;][vc_column_text]<\/p>\n<p class=\"p1\">Additif alimentaire, conservateur, pour <b>\u00e9viter les br\u00fblures<\/b> \u00e0 la sortie de la chambre dans <b>la pomme et la poire.<\/b><\/p>\n<p class=\"p1\">Le traitement est effectu\u00e9 au moyen d&rsquo;une douche ou d&rsquo;une immersion \u00e0 temp\u00e9rature ambiante avant d&rsquo;entrer dans la chambre froide.<\/p>\n<p class=\"p1\"><b>Format:<\/b> Bouteille en poly\u00e9thyl\u00e8ne de 20 litres<\/p>\n<p>[\/vc_column_text][\/vc_column_inner][\/vc_row_inner]<div class=\"boc_spacing \" style=\"height: 60px\"><\/div>[\/vc_column][\/vc_row][vc_row][vc_column][vc_column_text]<\/p>\n<div id=\"mouseposition-extension-element-full-container\" style=\"position: fixed; top: 0px; left: 0px; right: 0px; bottom: 0px; pointer-events: none; z-index: 2147483647; font-weight: 400;\">\n<div id=\"mouseposition-extension-element-rect-display\" style=\"display: none; position: absolute; background: rgba(255, 255, 255, 0.7); outline: black solid 1px; font-size: 12px; z-index: 2147483647; justify-content: center; align-items: center; user-select: none; cursor: default; color: #000000; font-family: 'Helvetica Neue', Helvetica, Arial, sans-serif; width: 0px; height: 0px;\">\n<pre style=\"flex: 1 1 0%; text-align: center; background-color: rgba(255, 255, 255, 0.7); color: #000000; min-width: 42px; min-height: 12px; transition: all 1s ease 0s;\"><\/pre>\n<\/div>\n<pre id=\"mouseposition-extension-element-coordinate-display\" style=\"position: absolute; display: none; background: #ffffff; font-size: 12px; line-height: 14px; border-radius: 3px; border-width: 1px; border-color: #222222 black #333333; border-style: solid; padding: 3px; z-index: 2147483647; color: #222222; user-select: none; cursor: default; font-family: 'Helvetica Neue', Helvetica, Arial, sans-serif;\"><\/pre>\n<\/div>\n<p>[\/vc_column_text][\/vc_column][\/vc_row]<\/p>\n<\/div>","protected":false},"excerpt":{"rendered":"<p>[vc_row full_width=\u00a0\u00bbstretch_row_content\u00a0\u00bb bg_type=\u00a0\u00bbimage\u00a0\u00bb bg_image_new=\u00a0\u00bb24832&Prime; enable_overlay=\u00a0\u00bbenable_overlay_value\u00a0\u00bb overlay_color=\u00a0\u00bb#0a0a0a\u00a0\u00bb css=\u00a0\u00bb.vc_custom_1598881487934{padding-top: 150px !important;padding-bottom: 150px !important;}\u00a0\u00bb][vc_column][\/vc_column][\/vc_row][vc_row full_width=\u00a0\u00bbstretch_row_content\u00a0\u00bb bg_type=\u00a0\u00bbbg_color\u00a0\u00bb css=\u00a0\u00bb.vc_custom_1602595062275{padding-top: 145px !important;padding-bottom: 145px !important;}\u00a0\u00bb bg_color_value=\u00a0\u00bb#0c71c3&Prime;][vc_column][\/vc_column][\/vc_row][vc_row full_width=\u00a0\u00bbstretch_row\u00a0\u00bb bg_type=\u00a0\u00bbimage\u00a0\u00bb bg_image_new=\u00a0\u00bb24835&Prime; bg_image_repeat=\u00a0\u00bbno-repeat\u00a0\u00bb][vc_column][vc_row_inner][vc_column_inner width=\u00a0\u00bb1\/4&Prime;][\/vc_column_inner][vc_column_inner width=\u00a0\u00bb3\/4&Prime;][\/vc_column_inner][\/vc_row_inner][vc_row_inner][vc_column_inner width=\u00a0\u00bb1\/4&Prime;][\/vc_column_inner][vc_column_inner width=\u00a0\u00bb3\/4&Prime;][\/vc_column_inner][\/vc_row_inner][vc_row_inner][vc_column_inner width=\u00a0\u00bb1\/4&Prime;][\/vc_column_inner][vc_column_inner width=\u00a0\u00bb3\/4&Prime;][vc_column_text] Levibacter est un additif conservateur pour les vins. Son application en grande quantit\u00e9 est con\u00e7ue pour la conservation prophylactique des vins. Particuli\u00e8rement indiqu\u00e9 pour emp\u00eacher l&rsquo;augmentation de l&rsquo;acidit\u00e9 volatile, ainsi que<\/p>\n<div class=\"h10\"><\/div>\n<p><a class=\"more-link2 flat\" href=\"https:\/\/www.myelosgreen.com\/fr\/industria-agroalimentaria\/\">Read more<\/a><\/p>\n","protected":false},"author":1,"featured_media":0,"parent":0,"menu_order":0,"comment_status":"closed","ping_status":"closed","template":"","meta":{"footnotes":""},"class_list":["post-24238","page","type-page","status-publish","hentry"],"_links":{"self":[{"href":"https:\/\/www.myelosgreen.com\/fr\/wp-json\/wp\/v2\/pages\/24238"}],"collection":[{"href":"https:\/\/www.myelosgreen.com\/fr\/wp-json\/wp\/v2\/pages"}],"about":[{"href":"https:\/\/www.myelosgreen.com\/fr\/wp-json\/wp\/v2\/types\/page"}],"author":[{"embeddable":true,"href":"https:\/\/www.myelosgreen.com\/fr\/wp-json\/wp\/v2\/users\/1"}],"replies":[{"embeddable":true,"href":"https:\/\/www.myelosgreen.com\/fr\/wp-json\/wp\/v2\/comments?post=24238"}],"version-history":[{"count":78,"href":"https:\/\/www.myelosgreen.com\/fr\/wp-json\/wp\/v2\/pages\/24238\/revisions"}],"predecessor-version":[{"id":25269,"href":"https:\/\/www.myelosgreen.com\/fr\/wp-json\/wp\/v2\/pages\/24238\/revisions\/25269"}],"wp:attachment":[{"href":"https:\/\/www.myelosgreen.com\/fr\/wp-json\/wp\/v2\/media?parent=24238"}],"curies":[{"name":"wp","href":"https:\/\/api.w.org\/{rel}","templated":true}]}}